{"id":1018,"date":"2022-09-27T07:58:38","date_gmt":"2022-09-27T05:58:38","guid":{"rendered":"https:\/\/delayso.com\/our-services\/produccio-management\/"},"modified":"2025-04-16T11:15:44","modified_gmt":"2025-04-16T09:15:44","slug":"produccion-y-gestion-de-espectaculos","status":"publish","type":"page","link":"https:\/\/delayso.com\/es\/servicios\/produccion-y-gestion-de-espectaculos\/","title":{"rendered":"Producci\u00f3n \/ Management"},"content":{"rendered":"<div class=\"wpb-content-wrapper\"><p>[vc_row css_animation=\u00bb\u00bb row_type=\u00bbrow\u00bb use_row_as_full_screen_section=\u00bbno\u00bb type=\u00bbfull_width\u00bb angled_section=\u00bbno\u00bb text_align=\u00bbleft\u00bb background_image_as_pattern=\u00bbwithout_pattern\u00bb z_index=\u00bb\u00bb css=\u00bb.vc_custom_1744199696047{background-image: url(https:\/\/delayso.com\/wp-content\/uploads\/2022\/09\/optimized-image-17.png?id=925) !important;}\u00bb][vc_column css=\u00bb.vc_custom_1744186871092{padding-top: 100px !important;padding-bottom: 100px !important;}\u00bb][vc_column_text css=\u00bb\u00bb]<\/p>\n<h1 style=\"text-align: center;\">Producci\u00f3n de eventos y espect\u00e1culos<\/h1>\n<p>[\/vc_column_text][vc_separator type=\u00bbsmall\u00bb position=\u00bbcenter\u00bb color=\u00bb#ea3266&#8243; thickness=\u00bb3&#8243; width=\u00bb48&#8243; down=\u00bb100px\u00bb][\/vc_column][\/vc_row][vc_row css_animation=\u00bb\u00bb row_type=\u00bbrow\u00bb use_row_as_full_screen_section=\u00bbno\u00bb type=\u00bbfull_width\u00bb angled_section=\u00bbno\u00bb text_align=\u00bbleft\u00bb background_image_as_pattern=\u00bbwithout_pattern\u00bb padding_top=\u00bb150&#8243; z_index=\u00bb\u00bb][vc_column][vc_row_inner row_type=\u00bbrow\u00bb type=\u00bbfull_width\u00bb text_align=\u00bbleft\u00bb css_animation=\u00bb\u00bb][vc_column_inner width=\u00bb1\/2&#8243; offset=\u00bbvc_col-lg-6 vc_col-md-6 vc_col-sm-offset-0&#8243;][vc_single_image image=\u00bb674&#8243; img_size=\u00bbfull\u00bb alignment=\u00bbcenter\u00bb qode_css_animation=\u00bb\u00bb][\/vc_column_inner][vc_column_inner width=\u00bb1\/2&#8243; offset=\u00bbvc_col-lg-6 vc_col-md-6&#8243;][qode_elements_holder number_of_columns=\u00bbone_column\u00bb][qode_elements_holder_item advanced_animations=\u00bbno\u00bb item_padding=\u00bb7% 36% 0 132px\u00bb item_padding_1280_1440=\u00bb9% 11% 0 122px\u00bb item_padding_1024_1280=\u00bb0% 11% 0 122px\u00bb item_padding_768_1024=\u00bb0% 6% 0 99px\u00bb item_padding_600_768=\u00bb15% 12% 0 89px\u00bb item_padding_480_600=\u00bb15% 5% 0 41px\u00bb item_padding_480=\u00bb15% 5% 0 41px\u00bb][vc_column_text css=\u00bb\u00bb]<\/p>\n<h2><strong>Conciertos, espect\u00e1culos y fiestas<\/strong><\/h2>\n<p>[\/vc_column_text][vc_empty_space height=\u00bb13px\u00bb][vc_separator type=\u00bbsmall\u00bb position=\u00bbleft\u00bb color=\u00bb#ea3266&#8243; thickness=\u00bb5&#8243; width=\u00bb48&#8243;][vc_column_text css=\u00bb\u00bb]En DelaySo no solo nos encargamos de poner los equipos de luces y sonido, sino que tambi\u00e9n hacemos toda la <strong>producci\u00f3n de conciertos, eventos y todo tipo de espect\u00e1culos<\/strong>. \u00bfTienes una idea? \u00bfQuieres organizar una fiesta o un concierto? \u00bfEres un ayuntamiento o empresa y necesitas asesoramiento? Nosotros producimos todo tipo de fiestas y nos encargamos de los equipos de sonido, bandas, t\u00e9cnicos, seguridad, escenario y todo lo que necesites. Tenemos diferentes bandas de versiones, DJs y animaci\u00f3n infantil.<\/p>\n<p>&nbsp;<\/p>\n<p>Para m\u00e1s informaci\u00f3n enviad un correo a <a href=\"mailto:info@delayso.com\">info@delayso.com<\/a> o rellenad el formulario en la p\u00e1gina de <a href=\"https:\/\/delayso.com\/es\/pressupost-48h\/\">presupuesto<\/a>.[\/vc_column_text][\/qode_elements_holder_item][\/qode_elements_holder][\/vc_column_inner][\/vc_row_inner][\/vc_column][\/vc_row][vc_row css_animation=\u00bb\u00bb row_type=\u00bbrow\u00bb use_row_as_full_screen_section=\u00bbno\u00bb type=\u00bbfull_width\u00bb angled_section=\u00bbno\u00bb text_align=\u00bbleft\u00bb background_image_as_pattern=\u00bbwithout_pattern\u00bb z_index=\u00bb3&#8243; padding_top=\u00bb120&#8243;][vc_column]<div class=\"qode-cards-holder\">\n    <div class=\"qode-cards-header cards\">\n\n    <\/div>\n    <div class=\"qode-card-panes\">\n        \n<div class=\"pane card844  navigation-bullets-disabled no-shadow\">\n        <div class=\"qode-card-slider-holder-outer\" style=\"\">\n        <div class=\"qode-card-slider-holder\" data-card-slide=\"1\"  data-center=\"no\" data-active-middle-slide=\"true\">\n            <div class=\"controls arrows\">\n                <a data-direction=\"prev\" href=\"#\" class=\"button prev qode-type1-gradient-bottom-to-top-text\"><span class=\"arrow_carrot-left\"><\/span><\/a>\n                <a data-direction=\"next\" href=\"#\" class=\"button next qode-type1-gradient-bottom-to-top-text\"><span class=\"arrow_carrot-right\"><\/span><\/a>\n            <\/div>\n\n                        <div class=\"qode-card-slider clearfix\">\n                                    <div class='slide' data-card-slide=\"1\">\n                                                    <img decoding=\"async\" src=\"#\" alt=\"\" class=\"qode-lazy-image\" data-image=\"https:\/\/delayso.com\/wp-content\/uploads\/2022\/09\/optimized-image-17.png\" style=\"width:762px;height:1px\"data-ratio=\"0.74803149606299\" data-lazy=\"true\" \/>\n                                            <\/div>\n                                    <div class='slide' data-card-slide=\"2\">\n                                                    <img decoding=\"async\" src=\"#\" alt=\"\" class=\"qode-lazy-image\" data-image=\"https:\/\/delayso.com\/wp-content\/uploads\/2022\/09\/optimized-image-15.png\" style=\"width:759px;height:1px\"data-ratio=\"0.75098814229249\" data-lazy=\"true\" \/>\n                                            <\/div>\n                                    <div class='slide' data-card-slide=\"3\">\n                                                    <img decoding=\"async\" src=\"#\" alt=\"\" class=\"qode-lazy-image\" data-image=\"https:\/\/delayso.com\/wp-content\/uploads\/2022\/09\/optimized-image-19.png\" style=\"width:762px;height:1px\"data-ratio=\"0.74803149606299\" data-lazy=\"true\" \/>\n                                            <\/div>\n                                    <div class='slide' data-card-slide=\"4\">\n                                                    <img decoding=\"async\" src=\"#\" alt=\"\" class=\"qode-lazy-image\" data-image=\"https:\/\/delayso.com\/wp-content\/uploads\/2022\/09\/optimized-image-14-1.png\" style=\"width:762px;height:1px\"data-ratio=\"0.74803149606299\" data-lazy=\"true\" \/>\n                                            <\/div>\n                                    <div class='slide' data-card-slide=\"5\">\n                                                    <img decoding=\"async\" src=\"#\" alt=\"\" class=\"qode-lazy-image\" data-image=\"https:\/\/delayso.com\/wp-content\/uploads\/2022\/09\/optimized-image-20.png\" style=\"width:858px;height:1px\"data-ratio=\"0.66433566433566\" data-lazy=\"true\" \/>\n                                            <\/div>\n                                    <div class='slide' data-card-slide=\"6\">\n                                                    <img decoding=\"async\" src=\"#\" alt=\"\" class=\"qode-lazy-image\" data-image=\"https:\/\/delayso.com\/wp-content\/uploads\/2022\/09\/logo-negatiu.png\" style=\"width:591px;height:1px\"data-ratio=\"1\" data-lazy=\"true\" \/>\n                                            <\/div>\n                                    <div class='slide' data-card-slide=\"7\">\n                                                    <img decoding=\"async\" src=\"#\" alt=\"\" class=\"qode-lazy-image\" data-image=\"https:\/\/delayso.com\/wp-content\/uploads\/2022\/09\/optimized-image-21.png\" style=\"width:807px;height:1px\"data-ratio=\"0.70631970260223\" data-lazy=\"true\" \/>\n                                            <\/div>\n                            <\/div>\n        <\/div>\n    <\/div>\n<\/div>\n    <\/div>\n<\/div>[\/vc_column][\/vc_row]<\/p>\n<\/div>","protected":false},"excerpt":{"rendered":"<p>[vc_row css_animation=\u00bb\u00bb row_type=\u00bbrow\u00bb use_row_as_full_screen_section=\u00bbno\u00bb type=\u00bbfull_width\u00bb angled_section=\u00bbno\u00bb text_align=\u00bbleft\u00bb background_image_as_pattern=\u00bbwithout_pattern\u00bb z_index=\u00bb\u00bb css=\u00bb.vc_custom_1744199696047{background-image: url(https:\/\/delayso.com\/wp-content\/uploads\/2022\/09\/optimized-image-17.png?id=925) !important;}\u00bb][vc_column css=\u00bb.vc_custom_1744186871092{padding-top: 100px !important;padding-bottom: 100px !important;}\u00bb][vc_column_text css=\u00bb\u00bb] Producci\u00f3n de eventos y espect\u00e1culos [\/vc_column_text][vc_separator type=\u00bbsmall\u00bb position=\u00bbcenter\u00bb color=\u00bb#ea3266&#8243; thickness=\u00bb3&#8243; width=\u00bb48&#8243; down=\u00bb100px\u00bb][\/vc_column][\/vc_row][vc_row css_animation=\u00bb\u00bb row_type=\u00bbrow\u00bb use_row_as_full_screen_section=\u00bbno\u00bb type=\u00bbfull_width\u00bb angled_section=\u00bbno\u00bb text_align=\u00bbleft\u00bb background_image_as_pattern=\u00bbwithout_pattern\u00bb padding_top=\u00bb150&#8243; z_index=\u00bb\u00bb][vc_column][vc_row_inner row_type=\u00bbrow\u00bb type=\u00bbfull_width\u00bb text_align=\u00bbleft\u00bb css_animation=\u00bb\u00bb][vc_column_inner width=\u00bb1\/2&#8243; offset=\u00bbvc_col-lg-6&#8230;<\/p>\n","protected":false},"author":1,"featured_media":0,"parent":1012,"menu_order":0,"comment_status":"closed","ping_status":"closed","template":"full_width.php","meta":{"footnotes":""},"class_list":["post-1018","page","type-page","status-publish","hentry"],"yoast_head":"<!-- This site is optimized with the Yoast SEO plugin v25.8 - https:\/\/yoast.com\/wordpress\/plugins\/seo\/ -->\n<title>Producci\u00f3n y gesti\u00f3n de espect\u00e1culos | Delay Sonido &amp; Luz<\/title>\n<meta name=\"description\" content=\"Nos encargamos de la producci\u00f3n de tu espect\u00e1culo, los equipos, t\u00e9cnicos, seguridad, escenario, bandas...\" \/>\n<meta name=\"robots\" content=\"index, follow, max-snippet:-1, max-image-preview:large, max-video-preview:-1\" \/>\n<link rel=\"canonical\" href=\"https:\/\/delayso.com\/es\/servicios\/produccion-y-gestion-de-espectaculos\/\" \/>\n<meta property=\"og:locale\" content=\"es_ES\" \/>\n<meta property=\"og:type\" content=\"article\" \/>\n<meta property=\"og:title\" content=\"Producci\u00f3n y gesti\u00f3n de espect\u00e1culos | Delay Sonido &amp; Luz\" \/>\n<meta property=\"og:description\" content=\"Nos encargamos de la producci\u00f3n de tu espect\u00e1culo, los equipos, t\u00e9cnicos, seguridad, escenario, bandas...\" \/>\n<meta property=\"og:url\" content=\"https:\/\/delayso.com\/es\/servicios\/produccion-y-gestion-de-espectaculos\/\" \/>\n<meta property=\"og:site_name\" content=\"Delay\" \/>\n<meta property=\"article:publisher\" content=\"https:\/\/www.facebook.com\/delaysoillum\" \/>\n<meta property=\"article:modified_time\" content=\"2025-04-16T09:15:44+00:00\" \/>\n<meta name=\"twitter:card\" content=\"summary_large_image\" \/>\n<meta name=\"twitter:label1\" content=\"Tiempo de lectura\" \/>\n\t<meta name=\"twitter:data1\" content=\"2 minutos\" \/>\n<script type=\"application\/ld+json\" class=\"yoast-schema-graph\">{\"@context\":\"https:\/\/schema.org\",\"@graph\":[{\"@type\":\"WebPage\",\"@id\":\"https:\/\/delayso.com\/es\/servicios\/produccion-y-gestion-de-espectaculos\/\",\"url\":\"https:\/\/delayso.com\/es\/servicios\/produccion-y-gestion-de-espectaculos\/\",\"name\":\"Producci\u00f3n y gesti\u00f3n de espect\u00e1culos | Delay Sonido & Luz\",\"isPartOf\":{\"@id\":\"https:\/\/delayso.com\/es\/#website\"},\"datePublished\":\"2022-09-27T05:58:38+00:00\",\"dateModified\":\"2025-04-16T09:15:44+00:00\",\"description\":\"Nos encargamos de la producci\u00f3n de tu espect\u00e1culo, los equipos, t\u00e9cnicos, seguridad, escenario, bandas...\",\"breadcrumb\":{\"@id\":\"https:\/\/delayso.com\/es\/servicios\/produccion-y-gestion-de-espectaculos\/#breadcrumb\"},\"inLanguage\":\"es\",\"potentialAction\":[{\"@type\":\"ReadAction\",\"target\":[\"https:\/\/delayso.com\/es\/servicios\/produccion-y-gestion-de-espectaculos\/\"]}]},{\"@type\":\"BreadcrumbList\",\"@id\":\"https:\/\/delayso.com\/es\/servicios\/produccion-y-gestion-de-espectaculos\/#breadcrumb\",\"itemListElement\":[{\"@type\":\"ListItem\",\"position\":1,\"name\":\"Portada\",\"item\":\"https:\/\/delayso.com\/es\/\"},{\"@type\":\"ListItem\",\"position\":2,\"name\":\"Servicios\",\"item\":\"https:\/\/delayso.com\/es\/servicios\/\"},{\"@type\":\"ListItem\",\"position\":3,\"name\":\"Producci\u00f3n \/ Management\"}]},{\"@type\":\"WebSite\",\"@id\":\"https:\/\/delayso.com\/es\/#website\",\"url\":\"https:\/\/delayso.com\/es\/\",\"name\":\"Delay So & Llum\",\"description\":\"So &amp; Llum Professional\",\"publisher\":{\"@id\":\"https:\/\/delayso.com\/es\/#organization\"},\"alternateName\":\"Delay\",\"potentialAction\":[{\"@type\":\"SearchAction\",\"target\":{\"@type\":\"EntryPoint\",\"urlTemplate\":\"https:\/\/delayso.com\/es\/?s={search_term_string}\"},\"query-input\":{\"@type\":\"PropertyValueSpecification\",\"valueRequired\":true,\"valueName\":\"search_term_string\"}}],\"inLanguage\":\"es\"},{\"@type\":\"Organization\",\"@id\":\"https:\/\/delayso.com\/es\/#organization\",\"name\":\"Delay So & Llum\",\"alternateName\":\"Delay\",\"url\":\"https:\/\/delayso.com\/es\/\",\"logo\":{\"@type\":\"ImageObject\",\"inLanguage\":\"es\",\"@id\":\"https:\/\/delayso.com\/es\/#\/schema\/logo\/image\/\",\"url\":\"http:\/\/delayso.com\/wp-content\/uploads\/2024\/04\/cropped-favicon_2024_DELAY.jpg\",\"contentUrl\":\"http:\/\/delayso.com\/wp-content\/uploads\/2024\/04\/cropped-favicon_2024_DELAY.jpg\",\"width\":512,\"height\":512,\"caption\":\"Delay So & Llum\"},\"image\":{\"@id\":\"https:\/\/delayso.com\/es\/#\/schema\/logo\/image\/\"},\"sameAs\":[\"https:\/\/www.facebook.com\/delaysoillum\",\"https:\/\/www.instagram.com\/delay_so\/\",\"https:\/\/vimeo.com\/user83668552\"]}]}<\/script>\n<!-- \/ Yoast SEO plugin. -->","yoast_head_json":{"title":"Producci\u00f3n y gesti\u00f3n de espect\u00e1culos | Delay Sonido & Luz","description":"Nos encargamos de la producci\u00f3n de tu espect\u00e1culo, los equipos, t\u00e9cnicos, seguridad, escenario, bandas...","robots":{"index":"index","follow":"follow","max-snippet":"max-snippet:-1","max-image-preview":"max-image-preview:large","max-video-preview":"max-video-preview:-1"},"canonical":"https:\/\/delayso.com\/es\/servicios\/produccion-y-gestion-de-espectaculos\/","og_locale":"es_ES","og_type":"article","og_title":"Producci\u00f3n y gesti\u00f3n de espect\u00e1culos | Delay Sonido & Luz","og_description":"Nos encargamos de la producci\u00f3n de tu espect\u00e1culo, los equipos, t\u00e9cnicos, seguridad, escenario, bandas...","og_url":"https:\/\/delayso.com\/es\/servicios\/produccion-y-gestion-de-espectaculos\/","og_site_name":"Delay","article_publisher":"https:\/\/www.facebook.com\/delaysoillum","article_modified_time":"2025-04-16T09:15:44+00:00","twitter_card":"summary_large_image","twitter_misc":{"Tiempo de lectura":"2 minutos"},"schema":{"@context":"https:\/\/schema.org","@graph":[{"@type":"WebPage","@id":"https:\/\/delayso.com\/es\/servicios\/produccion-y-gestion-de-espectaculos\/","url":"https:\/\/delayso.com\/es\/servicios\/produccion-y-gestion-de-espectaculos\/","name":"Producci\u00f3n y gesti\u00f3n de espect\u00e1culos | Delay Sonido & Luz","isPartOf":{"@id":"https:\/\/delayso.com\/es\/#website"},"datePublished":"2022-09-27T05:58:38+00:00","dateModified":"2025-04-16T09:15:44+00:00","description":"Nos encargamos de la producci\u00f3n de tu espect\u00e1culo, los equipos, t\u00e9cnicos, seguridad, escenario, bandas...","breadcrumb":{"@id":"https:\/\/delayso.com\/es\/servicios\/produccion-y-gestion-de-espectaculos\/#breadcrumb"},"inLanguage":"es","potentialAction":[{"@type":"ReadAction","target":["https:\/\/delayso.com\/es\/servicios\/produccion-y-gestion-de-espectaculos\/"]}]},{"@type":"BreadcrumbList","@id":"https:\/\/delayso.com\/es\/servicios\/produccion-y-gestion-de-espectaculos\/#breadcrumb","itemListElement":[{"@type":"ListItem","position":1,"name":"Portada","item":"https:\/\/delayso.com\/es\/"},{"@type":"ListItem","position":2,"name":"Servicios","item":"https:\/\/delayso.com\/es\/servicios\/"},{"@type":"ListItem","position":3,"name":"Producci\u00f3n \/ Management"}]},{"@type":"WebSite","@id":"https:\/\/delayso.com\/es\/#website","url":"https:\/\/delayso.com\/es\/","name":"Delay So & Llum","description":"So &amp; Llum Professional","publisher":{"@id":"https:\/\/delayso.com\/es\/#organization"},"alternateName":"Delay","potentialAction":[{"@type":"SearchAction","target":{"@type":"EntryPoint","urlTemplate":"https:\/\/delayso.com\/es\/?s={search_term_string}"},"query-input":{"@type":"PropertyValueSpecification","valueRequired":true,"valueName":"search_term_string"}}],"inLanguage":"es"},{"@type":"Organization","@id":"https:\/\/delayso.com\/es\/#organization","name":"Delay So & Llum","alternateName":"Delay","url":"https:\/\/delayso.com\/es\/","logo":{"@type":"ImageObject","inLanguage":"es","@id":"https:\/\/delayso.com\/es\/#\/schema\/logo\/image\/","url":"http:\/\/delayso.com\/wp-content\/uploads\/2024\/04\/cropped-favicon_2024_DELAY.jpg","contentUrl":"http:\/\/delayso.com\/wp-content\/uploads\/2024\/04\/cropped-favicon_2024_DELAY.jpg","width":512,"height":512,"caption":"Delay So & Llum"},"image":{"@id":"https:\/\/delayso.com\/es\/#\/schema\/logo\/image\/"},"sameAs":["https:\/\/www.facebook.com\/delaysoillum","https:\/\/www.instagram.com\/delay_so\/","https:\/\/vimeo.com\/user83668552"]}]}},"_links":{"self":[{"href":"https:\/\/delayso.com\/es\/wp-json\/wp\/v2\/pages\/1018","targetHints":{"allow":["GET"]}}],"collection":[{"href":"https:\/\/delayso.com\/es\/wp-json\/wp\/v2\/pages"}],"about":[{"href":"https:\/\/delayso.com\/es\/wp-json\/wp\/v2\/types\/page"}],"author":[{"embeddable":true,"href":"https:\/\/delayso.com\/es\/wp-json\/wp\/v2\/users\/1"}],"replies":[{"embeddable":true,"href":"https:\/\/delayso.com\/es\/wp-json\/wp\/v2\/comments?post=1018"}],"version-history":[{"count":1,"href":"https:\/\/delayso.com\/es\/wp-json\/wp\/v2\/pages\/1018\/revisions"}],"predecessor-version":[{"id":1233,"href":"https:\/\/delayso.com\/es\/wp-json\/wp\/v2\/pages\/1018\/revisions\/1233"}],"up":[{"embeddable":true,"href":"https:\/\/delayso.com\/es\/wp-json\/wp\/v2\/pages\/1012"}],"wp:attachment":[{"href":"https:\/\/delayso.com\/es\/wp-json\/wp\/v2\/media?parent=1018"}],"curies":[{"name":"wp","href":"https:\/\/api.w.org\/{rel}","templated":true}]}}