{"id":1012,"date":"2018-07-03T12:46:24","date_gmt":"2018-07-03T10:46:24","guid":{"rendered":"https:\/\/delayso.com\/our-services\/"},"modified":"2025-04-16T11:58:06","modified_gmt":"2025-04-16T09:58:06","slug":"servicios","status":"publish","type":"page","link":"https:\/\/delayso.com\/es\/servicios\/","title":{"rendered":"Servicios"},"content":{"rendered":"<div class=\"wpb-content-wrapper\"><p>[vc_row css_animation=\u00bb\u00bb row_type=\u00bbrow\u00bb use_row_as_full_screen_section=\u00bbno\u00bb type=\u00bbgrid\u00bb angled_section=\u00bbno\u00bb text_align=\u00bbcenter\u00bb background_image_as_pattern=\u00bbwithout_pattern\u00bb padding_top=\u00bb110&#8243; z_index=\u00bb\u00bb][vc_column][vc_row_inner row_type=\u00bbrow\u00bb type=\u00bbgrid\u00bb text_align=\u00bbcenter\u00bb css_animation=\u00bb\u00bb el_class=\u00bb.qode-responsive-space\u00bb][vc_column_inner width=\u00bb1\/3&#8243;][qode_elements_holder background_color=\u00bb#2f3140&#8243; number_of_columns=\u00bbone_column\u00bb][qode_elements_holder_item advanced_animations=\u00bbno\u00bb item_padding=\u00bb100px 31px 100px 41px\u00bb item_padding_768_1024=\u00bb51px 1px 51px 1px\u00bb item_padding_600_768=\u00bb51px 1px 51px 1px\u00bb][vc_column_text css=\u00bb\u00bb]<\/p>\n<h2>Sonido e iluminaci\u00f3n<\/h2>\n<p>[\/vc_column_text][vc_empty_space height=\u00bb22px\u00bb][vc_column_text css=\u00bb\u00bb]Tenemos el equipo necesario para tu concierto o espect\u00e1culo.[\/vc_column_text][vc_empty_space]<a  itemprop=\"url\" href=\"https:\/\/delayso.com\/es\/servicios\/sonido-e-iluminacion\/\" target=\"_self\"  class=\"qbutton  default\" style=\"\">M\u00e1s informaci\u00f3n<\/a>[\/qode_elements_holder_item][\/qode_elements_holder][\/vc_column_inner][vc_column_inner width=\u00bb1\/3&#8243;][qode_elements_holder background_color=\u00bb#2f3140&#8243; number_of_columns=\u00bbone_column\u00bb][qode_elements_holder_item advanced_animations=\u00bbno\u00bb item_padding=\u00bb100px 31px 100px 41px\u00bb item_padding_768_1024=\u00bb51px 1px 51px 1px\u00bb item_padding_600_768=\u00bb51px 1px 51px 1px\u00bb][vc_column_text css=\u00bb\u00bb]<\/p>\n<h2>Bodas<\/h2>\n<p>[\/vc_column_text][vc_empty_space height=\u00bb22px\u00bb][vc_column_text css=\u00bb\u00bb]Te asesoramos para poner el sonido y la iluminaci\u00f3n en tu boda y hacer un d\u00eda memorable.[\/vc_column_text][vc_empty_space]<a  itemprop=\"url\" href=\"https:\/\/delayso.com\/es\/servicios\/bodas\/\" target=\"_self\"  class=\"qbutton  default\" style=\"\">M\u00e1s informaci\u00f3n<\/a>[\/qode_elements_holder_item][\/qode_elements_holder][\/vc_column_inner][vc_column_inner width=\u00bb1\/3&#8243;][qode_elements_holder background_color=\u00bb#2f3140&#8243; number_of_columns=\u00bbone_column\u00bb][qode_elements_holder_item advanced_animations=\u00bbno\u00bb item_padding=\u00bb100px 31px 100px 41px\u00bb item_padding_768_1024=\u00bb51px 1px 51px 1px\u00bb item_padding_600_768=\u00bb51px 1px 51px 1px\u00bb][vc_column_text css=\u00bb\u00bb]<\/p>\n<h2>Producci\u00f3n \/ Management<\/h2>\n<p>[\/vc_column_text][vc_empty_space height=\u00bb22px\u00bb][vc_column_text css=\u00bb\u00bb]Nos encargamos de producir tu fiesta, desde las bandas hasta la seguridad.[\/vc_column_text][vc_empty_space]<a  itemprop=\"url\" href=\"https:\/\/delayso.com\/es\/servicios\/produccion-y-gestion-de-espectaculos\/\" target=\"_self\"  class=\"qbutton  default\" style=\"\">M\u00e1s informaci\u00f3n<\/a>[\/qode_elements_holder_item][\/qode_elements_holder][\/vc_column_inner][\/vc_row_inner][\/vc_column][\/vc_row][vc_row css_animation=\u00bb\u00bb row_type=\u00bbrow\u00bb use_row_as_full_screen_section=\u00bbno\u00bb type=\u00bbfull_width\u00bb angled_section=\u00bbno\u00bb text_align=\u00bbleft\u00bb background_image_as_pattern=\u00bbwithout_pattern\u00bb][vc_column][vc_empty_space][vc_row_inner row_type=\u00bbrow\u00bb type=\u00bbgrid\u00bb text_align=\u00bbcenter\u00bb css_animation=\u00bb\u00bb el_class=\u00bb.qode-responsive-space\u00bb][vc_column_inner width=\u00bb1\/3&#8243;][qode_elements_holder background_color=\u00bb#2f3140&#8243; number_of_columns=\u00bbone_column\u00bb][qode_elements_holder_item advanced_animations=\u00bbno\u00bb item_padding=\u00bb100px 31px 100px 41px\u00bb item_padding_768_1024=\u00bb51px 1px 51px 1px\u00bb item_padding_600_768=\u00bb51px 1px 51px 1px\u00bb][vc_column_text css=\u00bb\u00bb]<\/p>\n<h2>Eventos privados \/ Empresas<\/h2>\n<p>[\/vc_column_text][vc_empty_space height=\u00bb22px\u00bb][vc_column_text css=\u00bb\u00bb]Te ayudamos en la preparaci\u00f3n de tu fiesta privada.[\/vc_column_text][vc_empty_space]<a  itemprop=\"url\" href=\"https:\/\/delayso.com\/es\/servicios\/eventos-privados-y-de-empresa\/\" target=\"_self\"  class=\"qbutton  default\" style=\"\">M\u00e1s informaci\u00f3n<\/a>[\/qode_elements_holder_item][\/qode_elements_holder][\/vc_column_inner][vc_column_inner width=\u00bb1\/3&#8243;][qode_elements_holder background_color=\u00bb#2f3140&#8243; number_of_columns=\u00bbone_column\u00bb][qode_elements_holder_item advanced_animations=\u00bbno\u00bb item_padding=\u00bb100px 31px 100px 41px\u00bb item_padding_768_1024=\u00bb51px 1px 51px 1px\u00bb item_padding_600_768=\u00bb51px 1px 51px 1px\u00bb][vc_column_text css=\u00bb\u00bb]<\/p>\n<h2>Fiestas Global Holi<\/h2>\n<p>[\/vc_column_text][vc_empty_space height=\u00bb22px\u00bb][vc_column_text css=\u00bb\u00bb]\u00bfQuieres una fiesta Holi? Organizamos a medida la fiesta que est\u00e1 m\u00e1s de moda entre los j\u00f3venes.[\/vc_column_text][vc_empty_space]<a  itemprop=\"url\" href=\"https:\/\/delayso.com\/es\/servicios\/fiestas-global-holi\/\" target=\"_self\"  class=\"qbutton  default\" style=\"\">M\u00e1s informaci\u00f3n<\/a>[\/qode_elements_holder_item][\/qode_elements_holder][\/vc_column_inner][vc_column_inner width=\u00bb1\/3&#8243;][qode_elements_holder background_color=\u00bb#2f3140&#8243; number_of_columns=\u00bbone_column\u00bb][qode_elements_holder_item advanced_animations=\u00bbno\u00bb item_padding=\u00bb100px 31px 100px 41px\u00bb item_padding_768_1024=\u00bb51px 1px 51px 1px\u00bb item_padding_600_768=\u00bb51px 1px 51px 1px\u00bb][vc_column_text css=\u00bb\u00bb]<\/p>\n<h2>Presentaciones deportivas<\/h2>\n<p>[\/vc_column_text][vc_empty_space height=\u00bb22px\u00bb][vc_column_text css=\u00bb\u00bb]Ofrecemos un servicio completo para eventos de clubes deportivos.[\/vc_column_text][vc_empty_space]<a  itemprop=\"url\" href=\"https:\/\/delayso.com\/es\/servicios\/presentaciones-deportivas\/\" target=\"_self\"  class=\"qbutton  default\" style=\"\">M\u00e1s informaci\u00f3n<\/a>[\/qode_elements_holder_item][\/qode_elements_holder][\/vc_column_inner][\/vc_row_inner][\/vc_column][\/vc_row][vc_row css_animation=\u00bb\u00bb row_type=\u00bbrow\u00bb use_row_as_full_screen_section=\u00bbno\u00bb type=\u00bbfull_width\u00bb angled_section=\u00bbno\u00bb text_align=\u00bbleft\u00bb background_image_as_pattern=\u00bbwithout_pattern\u00bb][vc_column][vc_empty_space][vc_row_inner row_type=\u00bbrow\u00bb type=\u00bbgrid\u00bb text_align=\u00bbcenter\u00bb css_animation=\u00bb\u00bb el_class=\u00bb.qode-responsive-space\u00bb][vc_column_inner width=\u00bb1\/3&#8243;][qode_elements_holder background_color=\u00bb#2f3140&#8243; number_of_columns=\u00bbone_column\u00bb][qode_elements_holder_item advanced_animations=\u00bbno\u00bb item_padding=\u00bb100px 31px 100px 41px\u00bb item_padding_768_1024=\u00bb51px 1px 51px 1px\u00bb item_padding_600_768=\u00bb51px 1px 51px 1px\u00bb][vc_column_text css=\u00bb\u00bb]<\/p>\n<h2>Fiestas DJ<\/h2>\n<p>[\/vc_column_text][vc_empty_space height=\u00bb22px\u00bb][vc_column_text css=\u00bb\u00bb]Te asesoramos para tu fiesta DJ.[\/vc_column_text][vc_empty_space]<a  itemprop=\"url\" href=\"https:\/\/delayso.com\/es\/servicios\/gestion-fiestas-dj\/\" target=\"_self\"  class=\"qbutton  default\" style=\"\">M\u00e1s informaci\u00f3n<\/a>[\/qode_elements_holder_item][\/qode_elements_holder][\/vc_column_inner][vc_column_inner width=\u00bb1\/3&#8243;][\/vc_column_inner][vc_column_inner width=\u00bb1\/3&#8243;][\/vc_column_inner][\/vc_row_inner][\/vc_column][\/vc_row]<\/p>\n<\/div>","protected":false},"excerpt":{"rendered":"<p>[vc_row css_animation=\u00bb\u00bb row_type=\u00bbrow\u00bb use_row_as_full_screen_section=\u00bbno\u00bb type=\u00bbgrid\u00bb angled_section=\u00bbno\u00bb text_align=\u00bbcenter\u00bb background_image_as_pattern=\u00bbwithout_pattern\u00bb padding_top=\u00bb110&#8243; z_index=\u00bb\u00bb][vc_column][vc_row_inner row_type=\u00bbrow\u00bb type=\u00bbgrid\u00bb text_align=\u00bbcenter\u00bb css_animation=\u00bb\u00bb el_class=\u00bb.qode-responsive-space\u00bb][vc_column_inner width=\u00bb1\/3&#8243;][qode_elements_holder background_color=\u00bb#2f3140&#8243; number_of_columns=\u00bbone_column\u00bb][qode_elements_holder_item advanced_animations=\u00bbno\u00bb item_padding=\u00bb100px 31px 100px 41px\u00bb item_padding_768_1024=\u00bb51px 1px 51px 1px\u00bb item_padding_600_768=\u00bb51px 1px 51px 1px\u00bb][vc_column_text css=\u00bb\u00bb] Sonido e iluminaci\u00f3n [\/vc_column_text][vc_empty_space height=\u00bb22px\u00bb][vc_column_text css=\u00bb\u00bb]Tenemos el equipo necesario para tu concierto o&#8230;<\/p>\n","protected":false},"author":1,"featured_media":0,"parent":0,"menu_order":0,"comment_status":"closed","ping_status":"closed","template":"full_width.php","meta":{"footnotes":""},"class_list":["post-1012","page","type-page","status-publish","hentry"],"yoast_head":"<!-- This site is optimized with the Yoast SEO plugin v25.8 - https:\/\/yoast.com\/wordpress\/plugins\/seo\/ -->\n<title>Nuestros servicios | Delay Sonido &amp; Luz<\/title>\n<meta name=\"description\" content=\"Ofrecemos distintos servicios para fiestas y eventos. Desde eventos privados para empresas hasta producci\u00f3n de conciertos.\" \/>\n<meta name=\"robots\" content=\"index, follow, max-snippet:-1, max-image-preview:large, max-video-preview:-1\" \/>\n<link rel=\"canonical\" href=\"https:\/\/delayso.com\/es\/servicios\/\" \/>\n<meta property=\"og:locale\" content=\"es_ES\" \/>\n<meta property=\"og:type\" content=\"article\" \/>\n<meta property=\"og:title\" content=\"Nuestros servicios | Delay Sonido &amp; Luz\" \/>\n<meta property=\"og:description\" content=\"Ofrecemos distintos servicios para fiestas y eventos. Desde eventos privados para empresas hasta producci\u00f3n de conciertos.\" \/>\n<meta property=\"og:url\" content=\"https:\/\/delayso.com\/es\/servicios\/\" \/>\n<meta property=\"og:site_name\" content=\"Delay\" \/>\n<meta property=\"article:publisher\" content=\"https:\/\/www.facebook.com\/delaysoillum\" \/>\n<meta property=\"article:modified_time\" content=\"2025-04-16T09:58:06+00:00\" \/>\n<meta name=\"twitter:card\" content=\"summary_large_image\" \/>\n<meta name=\"twitter:label1\" content=\"Tiempo de lectura\" \/>\n\t<meta name=\"twitter:data1\" content=\"2 minutos\" \/>\n<script type=\"application\/ld+json\" class=\"yoast-schema-graph\">{\"@context\":\"https:\/\/schema.org\",\"@graph\":[{\"@type\":\"WebPage\",\"@id\":\"https:\/\/delayso.com\/es\/servicios\/\",\"url\":\"https:\/\/delayso.com\/es\/servicios\/\",\"name\":\"Nuestros servicios | Delay Sonido & Luz\",\"isPartOf\":{\"@id\":\"https:\/\/delayso.com\/es\/#website\"},\"datePublished\":\"2018-07-03T10:46:24+00:00\",\"dateModified\":\"2025-04-16T09:58:06+00:00\",\"description\":\"Ofrecemos distintos servicios para fiestas y eventos. Desde eventos privados para empresas hasta producci\u00f3n de conciertos.\",\"breadcrumb\":{\"@id\":\"https:\/\/delayso.com\/es\/servicios\/#breadcrumb\"},\"inLanguage\":\"es\",\"potentialAction\":[{\"@type\":\"ReadAction\",\"target\":[\"https:\/\/delayso.com\/es\/servicios\/\"]}]},{\"@type\":\"BreadcrumbList\",\"@id\":\"https:\/\/delayso.com\/es\/servicios\/#breadcrumb\",\"itemListElement\":[{\"@type\":\"ListItem\",\"position\":1,\"name\":\"Portada\",\"item\":\"https:\/\/delayso.com\/es\/\"},{\"@type\":\"ListItem\",\"position\":2,\"name\":\"Servicios\"}]},{\"@type\":\"WebSite\",\"@id\":\"https:\/\/delayso.com\/es\/#website\",\"url\":\"https:\/\/delayso.com\/es\/\",\"name\":\"Delay So & Llum\",\"description\":\"So &amp; Llum Professional\",\"publisher\":{\"@id\":\"https:\/\/delayso.com\/es\/#organization\"},\"alternateName\":\"Delay\",\"potentialAction\":[{\"@type\":\"SearchAction\",\"target\":{\"@type\":\"EntryPoint\",\"urlTemplate\":\"https:\/\/delayso.com\/es\/?s={search_term_string}\"},\"query-input\":{\"@type\":\"PropertyValueSpecification\",\"valueRequired\":true,\"valueName\":\"search_term_string\"}}],\"inLanguage\":\"es\"},{\"@type\":\"Organization\",\"@id\":\"https:\/\/delayso.com\/es\/#organization\",\"name\":\"Delay So & Llum\",\"alternateName\":\"Delay\",\"url\":\"https:\/\/delayso.com\/es\/\",\"logo\":{\"@type\":\"ImageObject\",\"inLanguage\":\"es\",\"@id\":\"https:\/\/delayso.com\/es\/#\/schema\/logo\/image\/\",\"url\":\"http:\/\/delayso.com\/wp-content\/uploads\/2024\/04\/cropped-favicon_2024_DELAY.jpg\",\"contentUrl\":\"http:\/\/delayso.com\/wp-content\/uploads\/2024\/04\/cropped-favicon_2024_DELAY.jpg\",\"width\":512,\"height\":512,\"caption\":\"Delay So & Llum\"},\"image\":{\"@id\":\"https:\/\/delayso.com\/es\/#\/schema\/logo\/image\/\"},\"sameAs\":[\"https:\/\/www.facebook.com\/delaysoillum\",\"https:\/\/www.instagram.com\/delay_so\/\",\"https:\/\/vimeo.com\/user83668552\"]}]}<\/script>\n<!-- \/ Yoast SEO plugin. -->","yoast_head_json":{"title":"Nuestros servicios | Delay Sonido & Luz","description":"Ofrecemos distintos servicios para fiestas y eventos. Desde eventos privados para empresas hasta producci\u00f3n de conciertos.","robots":{"index":"index","follow":"follow","max-snippet":"max-snippet:-1","max-image-preview":"max-image-preview:large","max-video-preview":"max-video-preview:-1"},"canonical":"https:\/\/delayso.com\/es\/servicios\/","og_locale":"es_ES","og_type":"article","og_title":"Nuestros servicios | Delay Sonido & Luz","og_description":"Ofrecemos distintos servicios para fiestas y eventos. Desde eventos privados para empresas hasta producci\u00f3n de conciertos.","og_url":"https:\/\/delayso.com\/es\/servicios\/","og_site_name":"Delay","article_publisher":"https:\/\/www.facebook.com\/delaysoillum","article_modified_time":"2025-04-16T09:58:06+00:00","twitter_card":"summary_large_image","twitter_misc":{"Tiempo de lectura":"2 minutos"},"schema":{"@context":"https:\/\/schema.org","@graph":[{"@type":"WebPage","@id":"https:\/\/delayso.com\/es\/servicios\/","url":"https:\/\/delayso.com\/es\/servicios\/","name":"Nuestros servicios | Delay Sonido & Luz","isPartOf":{"@id":"https:\/\/delayso.com\/es\/#website"},"datePublished":"2018-07-03T10:46:24+00:00","dateModified":"2025-04-16T09:58:06+00:00","description":"Ofrecemos distintos servicios para fiestas y eventos. Desde eventos privados para empresas hasta producci\u00f3n de conciertos.","breadcrumb":{"@id":"https:\/\/delayso.com\/es\/servicios\/#breadcrumb"},"inLanguage":"es","potentialAction":[{"@type":"ReadAction","target":["https:\/\/delayso.com\/es\/servicios\/"]}]},{"@type":"BreadcrumbList","@id":"https:\/\/delayso.com\/es\/servicios\/#breadcrumb","itemListElement":[{"@type":"ListItem","position":1,"name":"Portada","item":"https:\/\/delayso.com\/es\/"},{"@type":"ListItem","position":2,"name":"Servicios"}]},{"@type":"WebSite","@id":"https:\/\/delayso.com\/es\/#website","url":"https:\/\/delayso.com\/es\/","name":"Delay So & Llum","description":"So &amp; Llum Professional","publisher":{"@id":"https:\/\/delayso.com\/es\/#organization"},"alternateName":"Delay","potentialAction":[{"@type":"SearchAction","target":{"@type":"EntryPoint","urlTemplate":"https:\/\/delayso.com\/es\/?s={search_term_string}"},"query-input":{"@type":"PropertyValueSpecification","valueRequired":true,"valueName":"search_term_string"}}],"inLanguage":"es"},{"@type":"Organization","@id":"https:\/\/delayso.com\/es\/#organization","name":"Delay So & Llum","alternateName":"Delay","url":"https:\/\/delayso.com\/es\/","logo":{"@type":"ImageObject","inLanguage":"es","@id":"https:\/\/delayso.com\/es\/#\/schema\/logo\/image\/","url":"http:\/\/delayso.com\/wp-content\/uploads\/2024\/04\/cropped-favicon_2024_DELAY.jpg","contentUrl":"http:\/\/delayso.com\/wp-content\/uploads\/2024\/04\/cropped-favicon_2024_DELAY.jpg","width":512,"height":512,"caption":"Delay So & Llum"},"image":{"@id":"https:\/\/delayso.com\/es\/#\/schema\/logo\/image\/"},"sameAs":["https:\/\/www.facebook.com\/delaysoillum","https:\/\/www.instagram.com\/delay_so\/","https:\/\/vimeo.com\/user83668552"]}]}},"_links":{"self":[{"href":"https:\/\/delayso.com\/es\/wp-json\/wp\/v2\/pages\/1012","targetHints":{"allow":["GET"]}}],"collection":[{"href":"https:\/\/delayso.com\/es\/wp-json\/wp\/v2\/pages"}],"about":[{"href":"https:\/\/delayso.com\/es\/wp-json\/wp\/v2\/types\/page"}],"author":[{"embeddable":true,"href":"https:\/\/delayso.com\/es\/wp-json\/wp\/v2\/users\/1"}],"replies":[{"embeddable":true,"href":"https:\/\/delayso.com\/es\/wp-json\/wp\/v2\/comments?post=1012"}],"version-history":[{"count":3,"href":"https:\/\/delayso.com\/es\/wp-json\/wp\/v2\/pages\/1012\/revisions"}],"predecessor-version":[{"id":1241,"href":"https:\/\/delayso.com\/es\/wp-json\/wp\/v2\/pages\/1012\/revisions\/1241"}],"wp:attachment":[{"href":"https:\/\/delayso.com\/es\/wp-json\/wp\/v2\/media?parent=1012"}],"curies":[{"name":"wp","href":"https:\/\/api.w.org\/{rel}","templated":true}]}}