{"id":1009,"date":"2019-06-10T15:04:10","date_gmt":"2019-06-10T13:04:10","guid":{"rendered":"https:\/\/delayso.com\/sonoritzacio\/"},"modified":"2025-04-16T11:16:48","modified_gmt":"2025-04-16T09:16:48","slug":"sonido-e-iluminacion","status":"publish","type":"page","link":"https:\/\/delayso.com\/es\/servicios\/sonido-e-iluminacion\/","title":{"rendered":"Sonido e iluminaci\u00f3n"},"content":{"rendered":"<div class=\"wpb-content-wrapper\"><p>[vc_row css_animation=\u00bb\u00bb row_type=\u00bbrow\u00bb use_row_as_full_screen_section=\u00bbno\u00bb type=\u00bbfull_width\u00bb angled_section=\u00bbno\u00bb text_align=\u00bbleft\u00bb background_image_as_pattern=\u00bbwithout_pattern\u00bb z_index=\u00bb\u00bb css=\u00bb.vc_custom_1744186403599{background-image: url(https:\/\/delayso.com\/wp-content\/uploads\/2022\/09\/optimized-image-3.png?id=658) !important;}\u00bb][vc_column css=\u00bb.vc_custom_1744186871092{padding-top: 100px !important;padding-bottom: 100px !important;}\u00bb][vc_column_text css=\u00bb\u00bb]<\/p>\n<h1 style=\"text-align: center;\">Sonido e iluminaci\u00f3n para conciertos<\/h1>\n<p>[\/vc_column_text][vc_separator type=\u00bbsmall\u00bb position=\u00bbcenter\u00bb color=\u00bb#ea3266&#8243; thickness=\u00bb3&#8243; width=\u00bb48&#8243; down=\u00bb100px\u00bb][\/vc_column][\/vc_row][vc_row css_animation=\u00bb\u00bb row_type=\u00bbrow\u00bb use_row_as_full_screen_section=\u00bbno\u00bb type=\u00bbfull_width\u00bb angled_section=\u00bbno\u00bb text_align=\u00bbleft\u00bb background_image_as_pattern=\u00bbwithout_pattern\u00bb padding_top=\u00bb150&#8243; z_index=\u00bb\u00bb][vc_column][vc_row_inner row_type=\u00bbrow\u00bb type=\u00bbfull_width\u00bb text_align=\u00bbleft\u00bb css_animation=\u00bb\u00bb][vc_column_inner width=\u00bb1\/2&#8243; offset=\u00bbvc_col-lg-6 vc_col-md-6 vc_col-sm-offset-0&#8243;][vc_single_image image=\u00bb610&#8243; img_size=\u00bbfull\u00bb alignment=\u00bbcenter\u00bb qode_css_animation=\u00bb\u00bb][\/vc_column_inner][vc_column_inner width=\u00bb1\/2&#8243; offset=\u00bbvc_col-lg-6 vc_col-md-6&#8243;][qode_elements_holder number_of_columns=\u00bbone_column\u00bb][qode_elements_holder_item advanced_animations=\u00bbno\u00bb item_padding=\u00bb15% 36% 0 132px\u00bb item_padding_1280_1440=\u00bb9% 11% 0 122px\u00bb item_padding_1024_1280=\u00bb0% 11% 0 122px\u00bb item_padding_768_1024=\u00bb0% 6% 0 99px\u00bb item_padding_600_768=\u00bb15% 12% 0 89px\u00bb item_padding_480_600=\u00bb15% 5% 0 41px\u00bb item_padding_480=\u00bb15% 5% 0 41px\u00bb][vc_column_text css=\u00bb\u00bb]<\/p>\n<h2><strong>Equipos de sonido e iluminaci\u00f3n para conciertos y espect\u00e1culos<\/strong><\/h2>\n<p>[\/vc_column_text][vc_empty_space height=\u00bb13px\u00bb][vc_separator type=\u00bbsmall\u00bb position=\u00bbleft\u00bb color=\u00bb#ea3266&#8243; thickness=\u00bb5&#8243; width=\u00bb48&#8243;][vc_column_text css=\u00bb\u00bb]Tenemos el equipo perfecto para tu concierto, para tu espect\u00e1culo. <strong>Alquilamos equipos de sonido y luz para tu concierto<\/strong> o espect\u00e1culo, desde line arrays, mesas de sonido digitales, microfon\u00eda, monitorizaci\u00f3n&#8230;, y todo lo que necesites para hacer de ese concierto o espect\u00e1culo un momento \u00fanico. No te preocupes por nada, env\u00edanos el rider del grupo a sonorizar o idea del espect\u00e1culo y nosotros haremos el resto.<\/p>\n<p>&nbsp;<\/p>\n<p>Para m\u00e1s informaci\u00f3n enviad un correo a <a href=\"mailto:info@delayso.com\">info@delayso.com<\/a> o rellenad el formulario de la p\u00e1gina de <a href=\"https:\/\/delayso.com\/es\/pressupost-48h\/\">presupuesto<\/a>.[\/vc_column_text][\/qode_elements_holder_item][\/qode_elements_holder][\/vc_column_inner][\/vc_row_inner][\/vc_column][\/vc_row][vc_row css_animation=\u00bb\u00bb row_type=\u00bbrow\u00bb use_row_as_full_screen_section=\u00bbno\u00bb type=\u00bbfull_width\u00bb angled_section=\u00bbno\u00bb text_align=\u00bbleft\u00bb background_image_as_pattern=\u00bbwithout_pattern\u00bb z_index=\u00bb3&#8243; padding_top=\u00bb120&#8243;][vc_column]<div class=\"qode-cards-holder\">\n    <div class=\"qode-cards-header cards\">\n\n    <\/div>\n    <div class=\"qode-card-panes\">\n        \n<div class=\"pane card536  navigation-bullets-disabled no-shadow\">\n        <div class=\"qode-card-slider-holder-outer\" style=\"\">\n        <div class=\"qode-card-slider-holder\" data-card-slide=\"1\"  data-center=\"no\" data-active-middle-slide=\"true\">\n            <div class=\"controls arrows\">\n                <a data-direction=\"prev\" href=\"#\" class=\"button prev qode-type1-gradient-bottom-to-top-text\"><span class=\"arrow_carrot-left\"><\/span><\/a>\n                <a data-direction=\"next\" href=\"#\" class=\"button next qode-type1-gradient-bottom-to-top-text\"><span class=\"arrow_carrot-right\"><\/span><\/a>\n            <\/div>\n\n                        <div class=\"qode-card-slider clearfix\">\n                                    <div class='slide' data-card-slide=\"1\">\n                                                    <img decoding=\"async\" src=\"#\" alt=\"\" class=\"qode-lazy-image\" data-image=\"https:\/\/delayso.com\/wp-content\/uploads\/2019\/06\/concert_003_new.jpg\" style=\"width:1013px;height:1px\"data-ratio=\"0.56268509378085\" data-lazy=\"true\" \/>\n                                            <\/div>\n                                    <div class='slide' data-card-slide=\"2\">\n                                                    <img decoding=\"async\" src=\"#\" alt=\"\" class=\"qode-lazy-image\" data-image=\"https:\/\/delayso.com\/wp-content\/uploads\/2022\/09\/optimized-image-3.png\" style=\"width:762px;height:1px\"data-ratio=\"0.74803149606299\" data-lazy=\"true\" \/>\n                                            <\/div>\n                                    <div class='slide' data-card-slide=\"3\">\n                                                    <img decoding=\"async\" src=\"#\" alt=\"\" class=\"qode-lazy-image\" data-image=\"https:\/\/delayso.com\/wp-content\/uploads\/2022\/09\/concert_arc_de_triomf.jpg\" style=\"width:1013px;height:1px\"data-ratio=\"0.56268509378085\" data-lazy=\"true\" \/>\n                                            <\/div>\n                                    <div class='slide' data-card-slide=\"4\">\n                                                    <img decoding=\"async\" src=\"#\" alt=\"\" class=\"qode-lazy-image\" data-image=\"https:\/\/delayso.com\/wp-content\/uploads\/2022\/09\/concert_la_tropical_02.jpg\" style=\"width:1013px;height:1px\"data-ratio=\"0.56268509378085\" data-lazy=\"true\" \/>\n                                            <\/div>\n                                    <div class='slide' data-card-slide=\"5\">\n                                                    <img decoding=\"async\" src=\"#\" alt=\"\" class=\"qode-lazy-image\" data-image=\"https:\/\/delayso.com\/wp-content\/uploads\/2019\/06\/concert_005_new.jpg\" style=\"width:1013px;height:1px\"data-ratio=\"0.56268509378085\" data-lazy=\"true\" \/>\n                                            <\/div>\n                                    <div class='slide' data-card-slide=\"6\">\n                                                    <img decoding=\"async\" src=\"#\" alt=\"\" class=\"qode-lazy-image\" data-image=\"https:\/\/delayso.com\/wp-content\/uploads\/2022\/09\/optimized-image-13.png\" style=\"width:428px;height:1px\"data-ratio=\"1.3317757009346\" data-lazy=\"true\" \/>\n                                            <\/div>\n                                    <div class='slide' data-card-slide=\"7\">\n                                                    <img decoding=\"async\" src=\"#\" alt=\"\" class=\"qode-lazy-image\" data-image=\"https:\/\/delayso.com\/wp-content\/uploads\/2022\/09\/optimized-image-5.png\" style=\"width:760px;height:1px\"data-ratio=\"0.75\" data-lazy=\"true\" \/>\n                                            <\/div>\n                                    <div class='slide' data-card-slide=\"8\">\n                                                    <img decoding=\"async\" src=\"#\" alt=\"\" class=\"qode-lazy-image\" data-image=\"https:\/\/delayso.com\/wp-content\/uploads\/2022\/09\/concert_la_tropical.jpg\" style=\"width:1013px;height:1px\"data-ratio=\"0.56268509378085\" data-lazy=\"true\" \/>\n                                            <\/div>\n                                    <div class='slide' data-card-slide=\"9\">\n                                                    <img decoding=\"async\" src=\"#\" alt=\"\" class=\"qode-lazy-image\" data-image=\"https:\/\/delayso.com\/wp-content\/uploads\/2022\/09\/concert_germa_negre.jpg\" style=\"width:1013px;height:1px\"data-ratio=\"0.56268509378085\" data-lazy=\"true\" \/>\n                                            <\/div>\n                            <\/div>\n        <\/div>\n    <\/div>\n<\/div>\n    <\/div>\n<\/div>[\/vc_column][\/vc_row]<\/p>\n<\/div>","protected":false},"excerpt":{"rendered":"<p>[vc_row css_animation=\u00bb\u00bb row_type=\u00bbrow\u00bb use_row_as_full_screen_section=\u00bbno\u00bb type=\u00bbfull_width\u00bb angled_section=\u00bbno\u00bb text_align=\u00bbleft\u00bb background_image_as_pattern=\u00bbwithout_pattern\u00bb z_index=\u00bb\u00bb css=\u00bb.vc_custom_1744186403599{background-image: url(https:\/\/delayso.com\/wp-content\/uploads\/2022\/09\/optimized-image-3.png?id=658) !important;}\u00bb][vc_column css=\u00bb.vc_custom_1744186871092{padding-top: 100px !important;padding-bottom: 100px !important;}\u00bb][vc_column_text css=\u00bb\u00bb] Sonido e iluminaci\u00f3n para conciertos [\/vc_column_text][vc_separator type=\u00bbsmall\u00bb position=\u00bbcenter\u00bb color=\u00bb#ea3266&#8243; thickness=\u00bb3&#8243; width=\u00bb48&#8243; down=\u00bb100px\u00bb][\/vc_column][\/vc_row][vc_row css_animation=\u00bb\u00bb row_type=\u00bbrow\u00bb use_row_as_full_screen_section=\u00bbno\u00bb type=\u00bbfull_width\u00bb angled_section=\u00bbno\u00bb text_align=\u00bbleft\u00bb background_image_as_pattern=\u00bbwithout_pattern\u00bb padding_top=\u00bb150&#8243; z_index=\u00bb\u00bb][vc_column][vc_row_inner row_type=\u00bbrow\u00bb type=\u00bbfull_width\u00bb text_align=\u00bbleft\u00bb css_animation=\u00bb\u00bb][vc_column_inner width=\u00bb1\/2&#8243; offset=\u00bbvc_col-lg-6&#8230;<\/p>\n","protected":false},"author":1,"featured_media":0,"parent":1012,"menu_order":0,"comment_status":"closed","ping_status":"closed","template":"full_width.php","meta":{"footnotes":""},"class_list":["post-1009","page","type-page","status-publish","hentry"],"yoast_head":"<!-- This site is optimized with the Yoast SEO plugin v25.8 - https:\/\/yoast.com\/wordpress\/plugins\/seo\/ -->\n<title>Alquiler de equipos de sonido para conciertos | Delay Sonido &amp; Luz<\/title>\n<meta name=\"description\" content=\"Si est\u00e1s organizando un concierto o espect\u00e1culo te ayudamos con todo lo que necesites. Line arrays, microfon\u00eda, monitoraje...\" \/>\n<meta name=\"robots\" content=\"index, follow, max-snippet:-1, max-image-preview:large, max-video-preview:-1\" \/>\n<link rel=\"canonical\" href=\"https:\/\/delayso.com\/es\/servicios\/sonido-e-iluminacion\/\" \/>\n<meta property=\"og:locale\" content=\"es_ES\" \/>\n<meta property=\"og:type\" content=\"article\" \/>\n<meta property=\"og:title\" content=\"Alquiler de equipos de sonido para conciertos | Delay Sonido &amp; Luz\" \/>\n<meta property=\"og:description\" content=\"Si est\u00e1s organizando un concierto o espect\u00e1culo te ayudamos con todo lo que necesites. Line arrays, microfon\u00eda, monitoraje...\" \/>\n<meta property=\"og:url\" content=\"https:\/\/delayso.com\/es\/servicios\/sonido-e-iluminacion\/\" \/>\n<meta property=\"og:site_name\" content=\"Delay\" \/>\n<meta property=\"article:publisher\" content=\"https:\/\/www.facebook.com\/delaysoillum\" \/>\n<meta property=\"article:modified_time\" content=\"2025-04-16T09:16:48+00:00\" \/>\n<meta name=\"twitter:card\" content=\"summary_large_image\" \/>\n<meta name=\"twitter:label1\" content=\"Tiempo de lectura\" \/>\n\t<meta name=\"twitter:data1\" content=\"2 minutos\" \/>\n<script type=\"application\/ld+json\" class=\"yoast-schema-graph\">{\"@context\":\"https:\/\/schema.org\",\"@graph\":[{\"@type\":\"WebPage\",\"@id\":\"https:\/\/delayso.com\/es\/servicios\/sonido-e-iluminacion\/\",\"url\":\"https:\/\/delayso.com\/es\/servicios\/sonido-e-iluminacion\/\",\"name\":\"Alquiler de equipos de sonido para conciertos | Delay Sonido & Luz\",\"isPartOf\":{\"@id\":\"https:\/\/delayso.com\/es\/#website\"},\"datePublished\":\"2019-06-10T13:04:10+00:00\",\"dateModified\":\"2025-04-16T09:16:48+00:00\",\"description\":\"Si est\u00e1s organizando un concierto o espect\u00e1culo te ayudamos con todo lo que necesites. Line arrays, microfon\u00eda, monitoraje...\",\"breadcrumb\":{\"@id\":\"https:\/\/delayso.com\/es\/servicios\/sonido-e-iluminacion\/#breadcrumb\"},\"inLanguage\":\"es\",\"potentialAction\":[{\"@type\":\"ReadAction\",\"target\":[\"https:\/\/delayso.com\/es\/servicios\/sonido-e-iluminacion\/\"]}]},{\"@type\":\"BreadcrumbList\",\"@id\":\"https:\/\/delayso.com\/es\/servicios\/sonido-e-iluminacion\/#breadcrumb\",\"itemListElement\":[{\"@type\":\"ListItem\",\"position\":1,\"name\":\"Portada\",\"item\":\"https:\/\/delayso.com\/es\/\"},{\"@type\":\"ListItem\",\"position\":2,\"name\":\"Servicios\",\"item\":\"https:\/\/delayso.com\/es\/servicios\/\"},{\"@type\":\"ListItem\",\"position\":3,\"name\":\"Sonido e iluminaci\u00f3n\"}]},{\"@type\":\"WebSite\",\"@id\":\"https:\/\/delayso.com\/es\/#website\",\"url\":\"https:\/\/delayso.com\/es\/\",\"name\":\"Delay So & Llum\",\"description\":\"So &amp; Llum Professional\",\"publisher\":{\"@id\":\"https:\/\/delayso.com\/es\/#organization\"},\"alternateName\":\"Delay\",\"potentialAction\":[{\"@type\":\"SearchAction\",\"target\":{\"@type\":\"EntryPoint\",\"urlTemplate\":\"https:\/\/delayso.com\/es\/?s={search_term_string}\"},\"query-input\":{\"@type\":\"PropertyValueSpecification\",\"valueRequired\":true,\"valueName\":\"search_term_string\"}}],\"inLanguage\":\"es\"},{\"@type\":\"Organization\",\"@id\":\"https:\/\/delayso.com\/es\/#organization\",\"name\":\"Delay So & Llum\",\"alternateName\":\"Delay\",\"url\":\"https:\/\/delayso.com\/es\/\",\"logo\":{\"@type\":\"ImageObject\",\"inLanguage\":\"es\",\"@id\":\"https:\/\/delayso.com\/es\/#\/schema\/logo\/image\/\",\"url\":\"http:\/\/delayso.com\/wp-content\/uploads\/2024\/04\/cropped-favicon_2024_DELAY.jpg\",\"contentUrl\":\"http:\/\/delayso.com\/wp-content\/uploads\/2024\/04\/cropped-favicon_2024_DELAY.jpg\",\"width\":512,\"height\":512,\"caption\":\"Delay So & Llum\"},\"image\":{\"@id\":\"https:\/\/delayso.com\/es\/#\/schema\/logo\/image\/\"},\"sameAs\":[\"https:\/\/www.facebook.com\/delaysoillum\",\"https:\/\/www.instagram.com\/delay_so\/\",\"https:\/\/vimeo.com\/user83668552\"]}]}<\/script>\n<!-- \/ Yoast SEO plugin. -->","yoast_head_json":{"title":"Alquiler de equipos de sonido para conciertos | Delay Sonido & Luz","description":"Si est\u00e1s organizando un concierto o espect\u00e1culo te ayudamos con todo lo que necesites. Line arrays, microfon\u00eda, monitoraje...","robots":{"index":"index","follow":"follow","max-snippet":"max-snippet:-1","max-image-preview":"max-image-preview:large","max-video-preview":"max-video-preview:-1"},"canonical":"https:\/\/delayso.com\/es\/servicios\/sonido-e-iluminacion\/","og_locale":"es_ES","og_type":"article","og_title":"Alquiler de equipos de sonido para conciertos | Delay Sonido & Luz","og_description":"Si est\u00e1s organizando un concierto o espect\u00e1culo te ayudamos con todo lo que necesites. Line arrays, microfon\u00eda, monitoraje...","og_url":"https:\/\/delayso.com\/es\/servicios\/sonido-e-iluminacion\/","og_site_name":"Delay","article_publisher":"https:\/\/www.facebook.com\/delaysoillum","article_modified_time":"2025-04-16T09:16:48+00:00","twitter_card":"summary_large_image","twitter_misc":{"Tiempo de lectura":"2 minutos"},"schema":{"@context":"https:\/\/schema.org","@graph":[{"@type":"WebPage","@id":"https:\/\/delayso.com\/es\/servicios\/sonido-e-iluminacion\/","url":"https:\/\/delayso.com\/es\/servicios\/sonido-e-iluminacion\/","name":"Alquiler de equipos de sonido para conciertos | Delay Sonido & Luz","isPartOf":{"@id":"https:\/\/delayso.com\/es\/#website"},"datePublished":"2019-06-10T13:04:10+00:00","dateModified":"2025-04-16T09:16:48+00:00","description":"Si est\u00e1s organizando un concierto o espect\u00e1culo te ayudamos con todo lo que necesites. Line arrays, microfon\u00eda, monitoraje...","breadcrumb":{"@id":"https:\/\/delayso.com\/es\/servicios\/sonido-e-iluminacion\/#breadcrumb"},"inLanguage":"es","potentialAction":[{"@type":"ReadAction","target":["https:\/\/delayso.com\/es\/servicios\/sonido-e-iluminacion\/"]}]},{"@type":"BreadcrumbList","@id":"https:\/\/delayso.com\/es\/servicios\/sonido-e-iluminacion\/#breadcrumb","itemListElement":[{"@type":"ListItem","position":1,"name":"Portada","item":"https:\/\/delayso.com\/es\/"},{"@type":"ListItem","position":2,"name":"Servicios","item":"https:\/\/delayso.com\/es\/servicios\/"},{"@type":"ListItem","position":3,"name":"Sonido e iluminaci\u00f3n"}]},{"@type":"WebSite","@id":"https:\/\/delayso.com\/es\/#website","url":"https:\/\/delayso.com\/es\/","name":"Delay So & Llum","description":"So &amp; Llum Professional","publisher":{"@id":"https:\/\/delayso.com\/es\/#organization"},"alternateName":"Delay","potentialAction":[{"@type":"SearchAction","target":{"@type":"EntryPoint","urlTemplate":"https:\/\/delayso.com\/es\/?s={search_term_string}"},"query-input":{"@type":"PropertyValueSpecification","valueRequired":true,"valueName":"search_term_string"}}],"inLanguage":"es"},{"@type":"Organization","@id":"https:\/\/delayso.com\/es\/#organization","name":"Delay So & Llum","alternateName":"Delay","url":"https:\/\/delayso.com\/es\/","logo":{"@type":"ImageObject","inLanguage":"es","@id":"https:\/\/delayso.com\/es\/#\/schema\/logo\/image\/","url":"http:\/\/delayso.com\/wp-content\/uploads\/2024\/04\/cropped-favicon_2024_DELAY.jpg","contentUrl":"http:\/\/delayso.com\/wp-content\/uploads\/2024\/04\/cropped-favicon_2024_DELAY.jpg","width":512,"height":512,"caption":"Delay So & Llum"},"image":{"@id":"https:\/\/delayso.com\/es\/#\/schema\/logo\/image\/"},"sameAs":["https:\/\/www.facebook.com\/delaysoillum","https:\/\/www.instagram.com\/delay_so\/","https:\/\/vimeo.com\/user83668552"]}]}},"_links":{"self":[{"href":"https:\/\/delayso.com\/es\/wp-json\/wp\/v2\/pages\/1009","targetHints":{"allow":["GET"]}}],"collection":[{"href":"https:\/\/delayso.com\/es\/wp-json\/wp\/v2\/pages"}],"about":[{"href":"https:\/\/delayso.com\/es\/wp-json\/wp\/v2\/types\/page"}],"author":[{"embeddable":true,"href":"https:\/\/delayso.com\/es\/wp-json\/wp\/v2\/users\/1"}],"replies":[{"embeddable":true,"href":"https:\/\/delayso.com\/es\/wp-json\/wp\/v2\/comments?post=1009"}],"version-history":[{"count":2,"href":"https:\/\/delayso.com\/es\/wp-json\/wp\/v2\/pages\/1009\/revisions"}],"predecessor-version":[{"id":1235,"href":"https:\/\/delayso.com\/es\/wp-json\/wp\/v2\/pages\/1009\/revisions\/1235"}],"up":[{"embeddable":true,"href":"https:\/\/delayso.com\/es\/wp-json\/wp\/v2\/pages\/1012"}],"wp:attachment":[{"href":"https:\/\/delayso.com\/es\/wp-json\/wp\/v2\/media?parent=1009"}],"curies":[{"name":"wp","href":"https:\/\/api.w.org\/{rel}","templated":true}]}}