{"id":1005,"date":"2018-07-02T08:08:26","date_gmt":"2018-07-02T06:08:26","guid":{"rendered":"https:\/\/delayso.com\/about-us\/"},"modified":"2025-04-16T11:31:55","modified_gmt":"2025-04-16T09:31:55","slug":"sobre-nosotros","status":"publish","type":"page","link":"https:\/\/delayso.com\/es\/sobre-nosotros\/","title":{"rendered":"Sobre nosotros"},"content":{"rendered":"<div class=\"wpb-content-wrapper\"><p>[vc_row css_animation=\u00bb\u00bb row_type=\u00bbrow\u00bb use_row_as_full_screen_section=\u00bbno\u00bb type=\u00bbfull_width\u00bb angled_section=\u00bbno\u00bb text_align=\u00bbleft\u00bb background_image_as_pattern=\u00bbwithout_pattern\u00bb padding_top=\u00bb150&#8243; z_index=\u00bb\u00bb][vc_column][vc_row_inner row_type=\u00bbrow\u00bb type=\u00bbfull_width\u00bb text_align=\u00bbleft\u00bb css_animation=\u00bb\u00bb][vc_column_inner width=\u00bb1\/2&#8243; offset=\u00bbvc_col-lg-6 vc_col-md-6 vc_col-sm-offset-0&#8243;][vc_single_image image=\u00bb373&#8243; img_size=\u00bbfull\u00bb qode_css_animation=\u00bb\u00bb][\/vc_column_inner][vc_column_inner width=\u00bb1\/2&#8243; offset=\u00bbvc_col-lg-6 vc_col-md-6&#8243;][qode_elements_holder number_of_columns=\u00bbone_column\u00bb][qode_elements_holder_item advanced_animations=\u00bbno\u00bb item_padding=\u00bb10% 36% 0 132px\u00bb item_padding_1280_1440=\u00bb9% 11% 0 122px\u00bb item_padding_1024_1280=\u00bb0% 11% 0 122px\u00bb item_padding_768_1024=\u00bb0% 6% 0 99px\u00bb item_padding_600_768=\u00bb15% 12% 0 89px\u00bb item_padding_480_600=\u00bb15% 5% 0 41px\u00bb item_padding_480=\u00bb15% 5% 0 41px\u00bb][vc_column_text css=\u00bb\u00bb]<\/p>\n<h2><strong>Delay<\/strong><br \/>\nSonido &amp; Luz profesional<\/h2>\n<p>[\/vc_column_text][vc_empty_space height=\u00bb13px\u00bb][vc_separator type=\u00bbsmall\u00bb position=\u00bbleft\u00bb color=\u00bb#ea3266&#8243; thickness=\u00bb5&#8243; width=\u00bb48&#8243;][vc_column_text]Delay es una empresa especializada en sonido e iluminaci\u00f3n para todo tipo de eventos ubicada en la provincia de Barcelona, con m\u00e1s de 10 a\u00f1os de experiencia en creaci\u00f3n de eventos singulares.<\/p>\n<p>&nbsp;<\/p>\n<p>Un equipo de t\u00e9cnicos y DJs har\u00e1 posible cualquier idea que tenga una insitutci\u00f3n, asociaci\u00f3n o colectivo, con su m\u00fasica y los equipos de iluminaci\u00f3n m\u00e1s innovadores, que ayudar\u00e1n a crear un evento \u00fanico y especial.[\/vc_column_text][\/qode_elements_holder_item][\/qode_elements_holder][\/vc_column_inner][\/vc_row_inner][\/vc_column][\/vc_row][vc_row css_animation=\u00bb\u00bb row_type=\u00bbrow\u00bb use_row_as_full_screen_section=\u00bbno\u00bb type=\u00bbfull_width\u00bb angled_section=\u00bbno\u00bb text_align=\u00bbleft\u00bb background_image_as_pattern=\u00bbwithout_pattern\u00bb padding_top=\u00bb150&#8243; z_index=\u00bb\u00bb][vc_column width=\u00bb1\/2&#8243;][qode_elements_holder number_of_columns=\u00bbone_column\u00bb][qode_elements_holder_item advanced_animations=\u00bbno\u00bb item_padding=\u00bb10% 36% 0 132px\u00bb item_padding_1280_1440=\u00bb9% 11% 0 122px\u00bb item_padding_1024_1280=\u00bb0% 11% 0 122px\u00bb item_padding_768_1024=\u00bb0% 6% 0 99px\u00bb item_padding_600_768=\u00bb15% 12% 0 89px\u00bb item_padding_480_600=\u00bb15% 5% 0 41px\u00bb item_padding_480=\u00bb15% 5% 0 41px\u00bb][vc_column_text css=\u00bb\u00bb]<\/p>\n<h2>Lo que ofrecemos<\/h2>\n<p>[\/vc_column_text][vc_empty_space height=\u00bb13px\u00bb][vc_separator type=\u00bbsmall\u00bb position=\u00bbleft\u00bb color=\u00bb#ea3266&#8243; thickness=\u00bb5&#8243; width=\u00bb48&#8243;][vc_column_text]En Delay nos dedicamos a envolver las fiestas con un buen sonido y con una iluminaci\u00f3n espectacular, damos forma a cualquier evento, ya sea una fiesta para DJs, fiestas tem\u00e1ticas, festivales Holi, foam party, pasando por la sonorizaci\u00f3n de cualquier concierto en directo.<\/p>\n<p>&nbsp;<\/p>\n<p>Delay aconseja sobre qu\u00e9 infraestructura es la m\u00e1s adecuada y realiza el montaje de todos los equipos necesarios para poder amenizar de la mejor manera cualquier evento.[\/vc_column_text][\/qode_elements_holder_item][\/qode_elements_holder][\/vc_column][vc_column width=\u00bb1\/2&#8243;][vc_single_image image=\u00bb689&#8243; img_size=\u00bbfull\u00bb qode_css_animation=\u00bb\u00bb][\/vc_column][\/vc_row][vc_row css_animation=\u00bb\u00bb row_type=\u00bbrow\u00bb use_row_as_full_screen_section=\u00bbno\u00bb type=\u00bbfull_width\u00bb angled_section=\u00bbno\u00bb text_align=\u00bbleft\u00bb background_image_as_pattern=\u00bbwithout_pattern\u00bb padding_top=\u00bb150&#8243; z_index=\u00bb\u00bb][vc_column][vc_row_inner row_type=\u00bbrow\u00bb type=\u00bbfull_width\u00bb text_align=\u00bbleft\u00bb css_animation=\u00bb\u00bb][vc_column_inner width=\u00bb1\/2&#8243; offset=\u00bbvc_col-lg-6 vc_col-md-6 vc_col-sm-offset-0&#8243;][vc_single_image image=\u00bb455&#8243; img_size=\u00bbfull\u00bb qode_css_animation=\u00bb\u00bb][vc_single_image image=\u00bb382&#8243; img_size=\u00bbfull\u00bb qode_css_animation=\u00bb\u00bb][\/vc_column_inner][vc_column_inner width=\u00bb1\/2&#8243; offset=\u00bbvc_col-lg-6 vc_col-md-6&#8243;][qode_elements_holder number_of_columns=\u00bbone_column\u00bb][qode_elements_holder_item advanced_animations=\u00bbno\u00bb item_padding=\u00bb15% 36% 0 132px\u00bb item_padding_1280_1440=\u00bb9% 11% 0 122px\u00bb item_padding_1024_1280=\u00bb0% 11% 0 122px\u00bb item_padding_768_1024=\u00bb0% 6% 0 99px\u00bb item_padding_600_768=\u00bb15% 12% 0 89px\u00bb item_padding_480_600=\u00bb15% 5% 0 41px\u00bb item_padding_480=\u00bb15% 5% 0 41px\u00bb][vc_column_text css=\u00bb\u00bb]<\/p>\n<h2>Un buen resultado<\/h2>\n<p>[\/vc_column_text][vc_empty_space height=\u00bb13px\u00bb][vc_separator type=\u00bbsmall\u00bb position=\u00bbleft\u00bb color=\u00bb#ea3266&#8243; thickness=\u00bb5&#8243; width=\u00bb48&#8243;][vc_column_text]Los espacios sonoros e iluminaci\u00f3n no son una tarea f\u00e1cil, por eso cuando un grupo ha planeado crear un evento debe acompa\u00f1ar a empresas profesionales y utilizar buen material, para que el resultado sea perfecto, desde el principio con la idea del proyecto hasta el d\u00eda de la ejecuci\u00f3n del evento. Es por esta raz\u00f3n que Delay tambi\u00e9n aconseja en todo momento qu\u00e9 equipo disponer y c\u00f3mo proceder seg\u00fan el espacio, los asistentes y los requisitos t\u00e9cnicos que deben tenerse en cuenta para un espect\u00e1culo, as\u00ed que asegura que el equipo sea el ideal para el evento que se llevar\u00e1 a cabo.<\/p>\n<p>&nbsp;<\/p>\n<p>Somos una empresa con un amplio listado de material a la disposici\u00f3n de nuestros clientes, as\u00ed como: equipos de sonido staced, Line Arrays, monitores de directo, micr\u00f3fonos inal\u00e1mbricos, todo\u00a0 tipo de efectos de luz (puntos, beams, wash, Strobo, pars lead, etc.).<\/p>\n<p>&nbsp;<\/p>\n<p>Tambi\u00e9n disponemos de una amplia gama de productos para la realizaci\u00f3n de efectos especiales en eventos, como pueden ser: m\u00e1quinas de humo, m\u00e1quinas de confeti, l\u00e1seres y m\u00e1quinas de CO2.[\/vc_column_text][\/qode_elements_holder_item][\/qode_elements_holder][\/vc_column_inner][\/vc_row_inner][\/vc_column][\/vc_row][vc_row css_animation=\u00bb\u00bb row_type=\u00bbrow\u00bb use_row_as_full_screen_section=\u00bbno\u00bb type=\u00bbfull_width\u00bb angled_section=\u00bbno\u00bb text_align=\u00bbleft\u00bb background_image_as_pattern=\u00bbwithout_pattern\u00bb padding_top=\u00bb150&#8243; z_index=\u00bb\u00bb][vc_column width=\u00bb1\/2&#8243;][qode_elements_holder number_of_columns=\u00bbone_column\u00bb][qode_elements_holder_item advanced_animations=\u00bbno\u00bb item_padding=\u00bb3% 36% 0 132px\u00bb item_padding_1280_1440=\u00bb9% 11% 0 122px\u00bb item_padding_1024_1280=\u00bb0% 11% 0 122px\u00bb item_padding_768_1024=\u00bb0% 6% 0 99px\u00bb item_padding_600_768=\u00bb15% 12% 0 89px\u00bb item_padding_480_600=\u00bb15% 5% 0 41px\u00bb item_padding_480=\u00bb15% 5% 0 41px\u00bb][vc_column_text css=\u00bb\u00bb]<\/p>\n<h2><strong>Nuestras submarcas<\/strong><\/h2>\n<p>[\/vc_column_text][vc_empty_space height=\u00bb13px\u00bb][vc_separator type=\u00bbsmall\u00bb position=\u00bbleft\u00bb color=\u00bb#ea3266&#8243; thickness=\u00bb5&#8243; width=\u00bb48&#8243;][vc_column_text]Delay Tambi\u00e9n ha creado dos submarcas, siendo cada a\u00f1o m\u00e1s importantes en la escena del espect\u00e1culo en Catalu\u00f1a.<\/p>\n<p>&nbsp;<\/p>\n<p>Stadium Events: submarca especializada en crear y organizar presentaciones deportivas de clubes.<\/p>\n<p>&nbsp;<\/p>\n<p>Global Holi: submarca especializada en organizar festivales Holi desde la sonorizaci\u00f3n, hasta la creaci\u00f3n de todo el espect\u00e1culo, animaci\u00f3n, venta de bolsas&#8230;[\/vc_column_text][\/qode_elements_holder_item][\/qode_elements_holder][\/vc_column][vc_column width=\u00bb1\/2&#8243;][vc_single_image image=\u00bb737&#8243; img_size=\u00bbmedium\u00bb alignment=\u00bbcenter\u00bb qode_css_animation=\u00bb\u00bb][vc_single_image image=\u00bb381&#8243; img_size=\u00bbmedium\u00bb alignment=\u00bbcenter\u00bb qode_css_animation=\u00bb\u00bb][\/vc_column][\/vc_row]<\/p>\n<\/div>","protected":false},"excerpt":{"rendered":"<p>[vc_row css_animation=\u00bb\u00bb row_type=\u00bbrow\u00bb use_row_as_full_screen_section=\u00bbno\u00bb type=\u00bbfull_width\u00bb angled_section=\u00bbno\u00bb text_align=\u00bbleft\u00bb background_image_as_pattern=\u00bbwithout_pattern\u00bb padding_top=\u00bb150&#8243; z_index=\u00bb\u00bb][vc_column][vc_row_inner row_type=\u00bbrow\u00bb type=\u00bbfull_width\u00bb text_align=\u00bbleft\u00bb css_animation=\u00bb\u00bb][vc_column_inner width=\u00bb1\/2&#8243; offset=\u00bbvc_col-lg-6 vc_col-md-6 vc_col-sm-offset-0&#8243;][vc_single_image image=\u00bb373&#8243; img_size=\u00bbfull\u00bb qode_css_animation=\u00bb\u00bb][\/vc_column_inner][vc_column_inner width=\u00bb1\/2&#8243; offset=\u00bbvc_col-lg-6 vc_col-md-6&#8243;][qode_elements_holder number_of_columns=\u00bbone_column\u00bb][qode_elements_holder_item advanced_animations=\u00bbno\u00bb item_padding=\u00bb10% 36% 0 132px\u00bb item_padding_1280_1440=\u00bb9% 11% 0 122px\u00bb item_padding_1024_1280=\u00bb0% 11% 0 122px\u00bb item_padding_768_1024=\u00bb0% 6% 0 99px\u00bb item_padding_600_768=\u00bb15% 12% 0&#8230;<\/p>\n","protected":false},"author":1,"featured_media":0,"parent":0,"menu_order":0,"comment_status":"closed","ping_status":"closed","template":"full_width.php","meta":{"footnotes":""},"class_list":["post-1005","page","type-page","status-publish","hentry"],"yoast_head":"<!-- This site is optimized with the Yoast SEO plugin v25.8 - https:\/\/yoast.com\/wordpress\/plugins\/seo\/ -->\n<title>Sobre nosotros | Delay Sonido &amp; Luz<\/title>\n<meta name=\"description\" content=\"Con m\u00e1s de diez a\u00f1os de experiencia, en Delay somo expertos en sonido e iluminaci\u00f3n para cualquier tipo de evento, desde fiestas de empresas hasta conciertos.\" \/>\n<meta name=\"robots\" content=\"index, follow, max-snippet:-1, max-image-preview:large, max-video-preview:-1\" \/>\n<link rel=\"canonical\" href=\"https:\/\/delayso.com\/es\/sobre-nosotros\/\" \/>\n<meta property=\"og:locale\" content=\"es_ES\" \/>\n<meta property=\"og:type\" content=\"article\" \/>\n<meta property=\"og:title\" content=\"Sobre nosotros | Delay Sonido &amp; Luz\" \/>\n<meta property=\"og:description\" content=\"Con m\u00e1s de diez a\u00f1os de experiencia, en Delay somo expertos en sonido e iluminaci\u00f3n para cualquier tipo de evento, desde fiestas de empresas hasta conciertos.\" \/>\n<meta property=\"og:url\" content=\"https:\/\/delayso.com\/es\/sobre-nosotros\/\" \/>\n<meta property=\"og:site_name\" content=\"Delay\" \/>\n<meta property=\"article:publisher\" content=\"https:\/\/www.facebook.com\/delaysoillum\" \/>\n<meta property=\"article:modified_time\" content=\"2025-04-16T09:31:55+00:00\" \/>\n<meta name=\"twitter:card\" content=\"summary_large_image\" \/>\n<meta name=\"twitter:label1\" content=\"Tiempo de lectura\" \/>\n\t<meta name=\"twitter:data1\" content=\"4 minutos\" \/>\n<script type=\"application\/ld+json\" class=\"yoast-schema-graph\">{\"@context\":\"https:\/\/schema.org\",\"@graph\":[{\"@type\":\"WebPage\",\"@id\":\"https:\/\/delayso.com\/es\/sobre-nosotros\/\",\"url\":\"https:\/\/delayso.com\/es\/sobre-nosotros\/\",\"name\":\"Sobre nosotros | Delay Sonido & Luz\",\"isPartOf\":{\"@id\":\"https:\/\/delayso.com\/es\/#website\"},\"datePublished\":\"2018-07-02T06:08:26+00:00\",\"dateModified\":\"2025-04-16T09:31:55+00:00\",\"description\":\"Con m\u00e1s de diez a\u00f1os de experiencia, en Delay somo expertos en sonido e iluminaci\u00f3n para cualquier tipo de evento, desde fiestas de empresas hasta conciertos.\",\"breadcrumb\":{\"@id\":\"https:\/\/delayso.com\/es\/sobre-nosotros\/#breadcrumb\"},\"inLanguage\":\"es\",\"potentialAction\":[{\"@type\":\"ReadAction\",\"target\":[\"https:\/\/delayso.com\/es\/sobre-nosotros\/\"]}]},{\"@type\":\"BreadcrumbList\",\"@id\":\"https:\/\/delayso.com\/es\/sobre-nosotros\/#breadcrumb\",\"itemListElement\":[{\"@type\":\"ListItem\",\"position\":1,\"name\":\"Portada\",\"item\":\"https:\/\/delayso.com\/es\/\"},{\"@type\":\"ListItem\",\"position\":2,\"name\":\"Sobre nosotros\"}]},{\"@type\":\"WebSite\",\"@id\":\"https:\/\/delayso.com\/es\/#website\",\"url\":\"https:\/\/delayso.com\/es\/\",\"name\":\"Delay So & Llum\",\"description\":\"So &amp; Llum Professional\",\"publisher\":{\"@id\":\"https:\/\/delayso.com\/es\/#organization\"},\"alternateName\":\"Delay\",\"potentialAction\":[{\"@type\":\"SearchAction\",\"target\":{\"@type\":\"EntryPoint\",\"urlTemplate\":\"https:\/\/delayso.com\/es\/?s={search_term_string}\"},\"query-input\":{\"@type\":\"PropertyValueSpecification\",\"valueRequired\":true,\"valueName\":\"search_term_string\"}}],\"inLanguage\":\"es\"},{\"@type\":\"Organization\",\"@id\":\"https:\/\/delayso.com\/es\/#organization\",\"name\":\"Delay So & Llum\",\"alternateName\":\"Delay\",\"url\":\"https:\/\/delayso.com\/es\/\",\"logo\":{\"@type\":\"ImageObject\",\"inLanguage\":\"es\",\"@id\":\"https:\/\/delayso.com\/es\/#\/schema\/logo\/image\/\",\"url\":\"http:\/\/delayso.com\/wp-content\/uploads\/2024\/04\/cropped-favicon_2024_DELAY.jpg\",\"contentUrl\":\"http:\/\/delayso.com\/wp-content\/uploads\/2024\/04\/cropped-favicon_2024_DELAY.jpg\",\"width\":512,\"height\":512,\"caption\":\"Delay So & Llum\"},\"image\":{\"@id\":\"https:\/\/delayso.com\/es\/#\/schema\/logo\/image\/\"},\"sameAs\":[\"https:\/\/www.facebook.com\/delaysoillum\",\"https:\/\/www.instagram.com\/delay_so\/\",\"https:\/\/vimeo.com\/user83668552\"]}]}<\/script>\n<!-- \/ Yoast SEO plugin. -->","yoast_head_json":{"title":"Sobre nosotros | Delay Sonido & Luz","description":"Con m\u00e1s de diez a\u00f1os de experiencia, en Delay somo expertos en sonido e iluminaci\u00f3n para cualquier tipo de evento, desde fiestas de empresas hasta conciertos.","robots":{"index":"index","follow":"follow","max-snippet":"max-snippet:-1","max-image-preview":"max-image-preview:large","max-video-preview":"max-video-preview:-1"},"canonical":"https:\/\/delayso.com\/es\/sobre-nosotros\/","og_locale":"es_ES","og_type":"article","og_title":"Sobre nosotros | Delay Sonido & Luz","og_description":"Con m\u00e1s de diez a\u00f1os de experiencia, en Delay somo expertos en sonido e iluminaci\u00f3n para cualquier tipo de evento, desde fiestas de empresas hasta conciertos.","og_url":"https:\/\/delayso.com\/es\/sobre-nosotros\/","og_site_name":"Delay","article_publisher":"https:\/\/www.facebook.com\/delaysoillum","article_modified_time":"2025-04-16T09:31:55+00:00","twitter_card":"summary_large_image","twitter_misc":{"Tiempo de lectura":"4 minutos"},"schema":{"@context":"https:\/\/schema.org","@graph":[{"@type":"WebPage","@id":"https:\/\/delayso.com\/es\/sobre-nosotros\/","url":"https:\/\/delayso.com\/es\/sobre-nosotros\/","name":"Sobre nosotros | Delay Sonido & Luz","isPartOf":{"@id":"https:\/\/delayso.com\/es\/#website"},"datePublished":"2018-07-02T06:08:26+00:00","dateModified":"2025-04-16T09:31:55+00:00","description":"Con m\u00e1s de diez a\u00f1os de experiencia, en Delay somo expertos en sonido e iluminaci\u00f3n para cualquier tipo de evento, desde fiestas de empresas hasta conciertos.","breadcrumb":{"@id":"https:\/\/delayso.com\/es\/sobre-nosotros\/#breadcrumb"},"inLanguage":"es","potentialAction":[{"@type":"ReadAction","target":["https:\/\/delayso.com\/es\/sobre-nosotros\/"]}]},{"@type":"BreadcrumbList","@id":"https:\/\/delayso.com\/es\/sobre-nosotros\/#breadcrumb","itemListElement":[{"@type":"ListItem","position":1,"name":"Portada","item":"https:\/\/delayso.com\/es\/"},{"@type":"ListItem","position":2,"name":"Sobre nosotros"}]},{"@type":"WebSite","@id":"https:\/\/delayso.com\/es\/#website","url":"https:\/\/delayso.com\/es\/","name":"Delay So & Llum","description":"So &amp; Llum Professional","publisher":{"@id":"https:\/\/delayso.com\/es\/#organization"},"alternateName":"Delay","potentialAction":[{"@type":"SearchAction","target":{"@type":"EntryPoint","urlTemplate":"https:\/\/delayso.com\/es\/?s={search_term_string}"},"query-input":{"@type":"PropertyValueSpecification","valueRequired":true,"valueName":"search_term_string"}}],"inLanguage":"es"},{"@type":"Organization","@id":"https:\/\/delayso.com\/es\/#organization","name":"Delay So & Llum","alternateName":"Delay","url":"https:\/\/delayso.com\/es\/","logo":{"@type":"ImageObject","inLanguage":"es","@id":"https:\/\/delayso.com\/es\/#\/schema\/logo\/image\/","url":"http:\/\/delayso.com\/wp-content\/uploads\/2024\/04\/cropped-favicon_2024_DELAY.jpg","contentUrl":"http:\/\/delayso.com\/wp-content\/uploads\/2024\/04\/cropped-favicon_2024_DELAY.jpg","width":512,"height":512,"caption":"Delay So & Llum"},"image":{"@id":"https:\/\/delayso.com\/es\/#\/schema\/logo\/image\/"},"sameAs":["https:\/\/www.facebook.com\/delaysoillum","https:\/\/www.instagram.com\/delay_so\/","https:\/\/vimeo.com\/user83668552"]}]}},"_links":{"self":[{"href":"https:\/\/delayso.com\/es\/wp-json\/wp\/v2\/pages\/1005","targetHints":{"allow":["GET"]}}],"collection":[{"href":"https:\/\/delayso.com\/es\/wp-json\/wp\/v2\/pages"}],"about":[{"href":"https:\/\/delayso.com\/es\/wp-json\/wp\/v2\/types\/page"}],"author":[{"embeddable":true,"href":"https:\/\/delayso.com\/es\/wp-json\/wp\/v2\/users\/1"}],"replies":[{"embeddable":true,"href":"https:\/\/delayso.com\/es\/wp-json\/wp\/v2\/comments?post=1005"}],"version-history":[{"count":1,"href":"https:\/\/delayso.com\/es\/wp-json\/wp\/v2\/pages\/1005\/revisions"}],"predecessor-version":[{"id":1236,"href":"https:\/\/delayso.com\/es\/wp-json\/wp\/v2\/pages\/1005\/revisions\/1236"}],"wp:attachment":[{"href":"https:\/\/delayso.com\/es\/wp-json\/wp\/v2\/media?parent=1005"}],"curies":[{"name":"wp","href":"https:\/\/api.w.org\/{rel}","templated":true}]}}