{"id":1001,"date":"2018-07-02T08:03:07","date_gmt":"2018-07-02T06:03:07","guid":{"rendered":"https:\/\/delayso.com\/home\/"},"modified":"2025-04-16T11:54:45","modified_gmt":"2025-04-16T09:54:45","slug":"home","status":"publish","type":"page","link":"https:\/\/delayso.com\/es\/","title":{"rendered":"Home"},"content":{"rendered":"<div class=\"wpb-content-wrapper\"><p>[vc_row css_animation=\u00bb\u00bb row_type=\u00bbrow\u00bb use_row_as_full_screen_section=\u00bbno\u00bb type=\u00bbfull_width\u00bb angled_section=\u00bbno\u00bb text_align=\u00bbleft\u00bb background_image_as_pattern=\u00bbwithout_pattern\u00bb][vc_column][rev_slider_vc alias=\u00bbhome\u00bb][\/vc_column][\/vc_row][vc_row css_animation=\u00bb\u00bb row_type=\u00bbrow\u00bb use_row_as_full_screen_section=\u00bbno\u00bb type=\u00bbfull_width\u00bb angled_section=\u00bbno\u00bb text_align=\u00bbleft\u00bb background_image_as_pattern=\u00bbwithout_pattern\u00bb css=\u00bb.vc_custom_1556746228827{background-image: url(http:\/\/bridge251.qodeinteractive.com\/wp-content\/uploads\/2018\/07\/background-2.jpg?id=46) !important;}\u00bb z_index=\u00bb\u00bb padding_top=\u00bb60&#8243;][vc_column][vc_row_inner row_type=\u00bbrow\u00bb type=\u00bbfull_width\u00bb text_align=\u00bbleft\u00bb css_animation=\u00bb\u00bb][vc_column_inner width=\u00bb5\/6&#8243; offset=\u00bbvc_col-lg-6 vc_col-md-6 vc_col-sm-offset-0&#8243;][vc_single_image image=\u00bb646&#8243; img_size=\u00bbfull\u00bb qode_css_animation=\u00bb\u00bb][\/vc_column_inner][vc_column_inner offset=\u00bbvc_col-lg-6 vc_col-md-6&#8243;][qode_elements_holder number_of_columns=\u00bbone_column\u00bb][qode_elements_holder_item advanced_animations=\u00bbno\u00bb item_padding=\u00bb15% 36% 0 132px\u00bb item_padding_1280_1440=\u00bb9% 11% 0 122px\u00bb item_padding_1024_1280=\u00bb9% 11% 0 122px\u00bb item_padding_768_1024=\u00bb0% 6% 0 99px\u00bb item_padding_600_768=\u00bb15% 12% 0 89px\u00bb item_padding_480_600=\u00bb15% 5% 0 41px\u00bb item_padding_480=\u00bb15% 5% 0 41px\u00bb][vc_column_text css=\u00bb\u00bb]<\/p>\n<h1><strong>Delay <\/strong><br \/>\nSonido &amp; Iluminaci\u00f3n professional<\/h1>\n<p>[\/vc_column_text][vc_empty_space height=\u00bb13px\u00bb][vc_separator type=\u00bbsmall\u00bb position=\u00bbleft\u00bb color=\u00bb#ea3266&#8243; thickness=\u00bb5&#8243; width=\u00bb48&#8243;][vc_column_text]Delay es una empresa especializada en sonido e iluminaci\u00f3n para todo tipo de eventos ubicada en la provincia de Barcelona, con m\u00e1s de 10 a\u00f1os de experiencia en creaci\u00f3n de eventos singulares.[\/vc_column_text][vc_empty_space]<a  itemprop=\"url\" href=\"https:\/\/delayso.com\/es\/sobre-nosotros\/\" target=\"_self\"  class=\"qbutton  default\" style=\"\">+ info<\/a>[\/qode_elements_holder_item][\/qode_elements_holder][\/vc_column_inner][\/vc_row_inner][\/vc_column][\/vc_row][vc_row css_animation=\u00bb\u00bb row_type=\u00bbrow\u00bb use_row_as_full_screen_section=\u00bbno\u00bb type=\u00bbgrid\u00bb angled_section=\u00bbno\u00bb text_align=\u00bbcenter\u00bb background_image_as_pattern=\u00bbwithout_pattern\u00bb padding_top=\u00bb185&#8243; z_index=\u00bb\u00bb css=\u00bb.vc_custom_1556743048906{background-image: url(https:\/\/delayso.com\/wp-content\/uploads\/2019\/05\/imatge_fons.jpg?id=314) !important;}\u00bb][vc_column][vc_row_inner row_type=\u00bbrow\u00bb type=\u00bbgrid\u00bb text_align=\u00bbcenter\u00bb css_animation=\u00bb\u00bb padding_bottom=\u00bb154&#8243; el_class=\u00bb.qode-responsive-space\u00bb][vc_column_inner width=\u00bb1\/3&#8243;][qode_elements_holder background_color=\u00bb#2f3140&#8243; number_of_columns=\u00bbone_column\u00bb][qode_elements_holder_item advanced_animations=\u00bbno\u00bb item_padding=\u00bb72px 31px 82px 41px\u00bb item_padding_768_1024=\u00bb51px 1px 51px 1px\u00bb item_padding_600_768=\u00bb51px 1px 51px 1px\u00bb][vc_single_image image=\u00bb295&#8243; img_size=\u00bbfull\u00bb alignment=\u00bbcenter\u00bb qode_css_animation=\u00bb\u00bb][vc_empty_space height=\u00bb45px\u00bb][vc_column_text css=\u00bb\u00bb]<\/p>\n<h2 class=\"titols-serveis-home\">Equipos de Sonido <strong>&amp; Luz<\/strong><\/h2>\n<p>[\/vc_column_text][vc_empty_space height=\u00bb52px\u00bb][vc_column_text]Alquiler de equipos profesionales personalizados y de alto rendimiento[\/vc_column_text][vc_empty_space]<a  itemprop=\"url\" href=\"https:\/\/delayso.com\/es\/sobre-nosotros\/#unBonResultat\" target=\"_self\"  class=\"qbutton  default\" style=\"\">+ info<\/a>[\/qode_elements_holder_item][\/qode_elements_holder][\/vc_column_inner][vc_column_inner width=\u00bb1\/3&#8243;][qode_elements_holder background_color=\u00bb#2f3140&#8243; number_of_columns=\u00bbone_column\u00bb][qode_elements_holder_item advanced_animations=\u00bbno\u00bb item_padding=\u00bb72px 31px 82px 41px\u00bb item_padding_768_1024=\u00bb51px 1px 51px 1px\u00bb item_padding_600_768=\u00bb51px 1px 51px 1px\u00bb][vc_single_image image=\u00bb296&#8243; img_size=\u00bbfull\u00bb alignment=\u00bbcenter\u00bb qode_css_animation=\u00bb\u00bb][vc_empty_space height=\u00bb45px\u00bb][vc_column_text css=\u00bb\u00bb]<\/p>\n<h2 class=\"titols-serveis-home\">Asesoramiento <strong>&amp; Management<\/strong><\/h2>\n<p>[\/vc_column_text][vc_empty_space height=\u00bb22px\u00bb][vc_column_text]Para cualquier evento, creaci\u00f3n de espect\u00e1culos y directos[\/vc_column_text][vc_empty_space]<a  itemprop=\"url\" href=\"https:\/\/delayso.com\/es\/servicios\/sonido-e-iluminacion\/\" target=\"_self\"  class=\"qbutton  default\" style=\"\">+ info<\/a>[\/qode_elements_holder_item][\/qode_elements_holder][\/vc_column_inner][vc_column_inner width=\u00bb1\/3&#8243;][qode_elements_holder background_color=\u00bb#2f3140&#8243; number_of_columns=\u00bbone_column\u00bb][qode_elements_holder_item advanced_animations=\u00bbno\u00bb item_padding=\u00bb72px 31px 82px 41px\u00bb item_padding_768_1024=\u00bb51px 1px 51px 1px\u00bb item_padding_600_768=\u00bb51px 1px 51px 1px\u00bb][vc_single_image image=\u00bb297&#8243; img_size=\u00bbfull\u00bb alignment=\u00bbcenter\u00bb qode_css_animation=\u00bb\u00bb][vc_empty_space height=\u00bb45px\u00bb][vc_column_text css=\u00bb\u00bb]<\/p>\n<h2 class=\"titols-serveis-home\"><strong>Experiencia<\/strong><\/h2>\n<p>[\/vc_column_text][vc_empty_space height=\u00bb52px\u00bb][vc_column_text]M\u00e1s de 10 a\u00f1os organizando eventos, espect\u00e1culos y m\u00fasica en directo[\/vc_column_text][vc_empty_space]<a  itemprop=\"url\" href=\"https:\/\/delayso.com\/es\/sobre-nosotros\/\" target=\"_self\"  class=\"qbutton  default\" style=\"\">+ info<\/a>[\/qode_elements_holder_item][\/qode_elements_holder][\/vc_column_inner][\/vc_row_inner][\/vc_column][\/vc_row][vc_row css_animation=\u00bb\u00bb row_type=\u00bbrow\u00bb use_row_as_full_screen_section=\u00bbno\u00bb type=\u00bbfull_width\u00bb angled_section=\u00bbno\u00bb text_align=\u00bbleft\u00bb background_image_as_pattern=\u00bbwithout_pattern\u00bb z_index=\u00bb3&#8243; padding_top=\u00bb120&#8243;][vc_column]<div class=\"qode-cards-holder\">\n    <div class=\"qode-cards-header cards\">\n\n    <\/div>\n    <div class=\"qode-card-panes\">\n        \n<div class=\"pane card518  navigation-bullets-disabled no-shadow\">\n        <div class=\"qode-card-slider-holder-outer\" style=\"\">\n        <div class=\"qode-card-slider-holder\" data-card-slide=\"1\"  data-center=\"no\" data-active-middle-slide=\"true\">\n            <div class=\"controls arrows\">\n                <a data-direction=\"prev\" href=\"#\" class=\"button prev qode-type1-gradient-bottom-to-top-text\"><span class=\"arrow_carrot-left\"><\/span><\/a>\n                <a data-direction=\"next\" href=\"#\" class=\"button next qode-type1-gradient-bottom-to-top-text\"><span class=\"arrow_carrot-right\"><\/span><\/a>\n            <\/div>\n\n                        <div class=\"qode-card-slider clearfix\">\n                                    <div class='slide' data-card-slide=\"1\">\n                                                    <img decoding=\"async\" src=\"#\" alt=\"\" class=\"qode-lazy-image\" data-image=\"https:\/\/delayso.com\/wp-content\/uploads\/2019\/05\/Festes_Holi_005-1.jpg\" style=\"width:840px;height:1px\"data-ratio=\"0.66666666666667\" data-lazy=\"true\" \/>\n                                            <\/div>\n                                    <div class='slide' data-card-slide=\"2\">\n                                                    <img decoding=\"async\" src=\"#\" alt=\"\" class=\"qode-lazy-image\" data-image=\"https:\/\/delayso.com\/wp-content\/uploads\/2019\/05\/FestesDj_Fiestas-Dj_004-1.jpg\" style=\"width:840px;height:1px\"data-ratio=\"0.66666666666667\" data-lazy=\"true\" \/>\n                                            <\/div>\n                                    <div class='slide' data-card-slide=\"3\">\n                                                    <img decoding=\"async\" src=\"#\" alt=\"\" class=\"qode-lazy-image\" data-image=\"https:\/\/delayso.com\/wp-content\/uploads\/2019\/05\/Foto_Home_001-1.jpg\" style=\"width:996px;height:1px\"data-ratio=\"0.56224899598394\" data-lazy=\"true\" \/>\n                                            <\/div>\n                                    <div class='slide' data-card-slide=\"4\">\n                                                    <img decoding=\"async\" src=\"#\" alt=\"\" class=\"qode-lazy-image\" data-image=\"https:\/\/delayso.com\/wp-content\/uploads\/2022\/09\/optimized-image-5-1.png\" style=\"width:760px;height:1px\"data-ratio=\"0.75\" data-lazy=\"true\" \/>\n                                            <\/div>\n                                    <div class='slide' data-card-slide=\"5\">\n                                                    <img decoding=\"async\" src=\"#\" alt=\"\" class=\"qode-lazy-image\" data-image=\"https:\/\/delayso.com\/wp-content\/uploads\/2022\/09\/optimized-image-11.png\" style=\"width:760px;height:1px\"data-ratio=\"0.75\" data-lazy=\"true\" \/>\n                                            <\/div>\n                                    <div class='slide' data-card-slide=\"6\">\n                                                    <img decoding=\"async\" src=\"#\" alt=\"\" class=\"qode-lazy-image\" data-image=\"https:\/\/delayso.com\/wp-content\/uploads\/2022\/09\/optimized-image-12.png\" style=\"width:856px;height:1px\"data-ratio=\"0.66588785046729\" data-lazy=\"true\" \/>\n                                            <\/div>\n                                    <div class='slide' data-card-slide=\"7\">\n                                                    <img decoding=\"async\" src=\"#\" alt=\"\" class=\"qode-lazy-image\" data-image=\"https:\/\/delayso.com\/wp-content\/uploads\/2022\/09\/optimized-image-3.png\" style=\"width:762px;height:1px\"data-ratio=\"0.74803149606299\" data-lazy=\"true\" \/>\n                                            <\/div>\n                                    <div class='slide' data-card-slide=\"8\">\n                                                    <img decoding=\"async\" src=\"#\" alt=\"\" class=\"qode-lazy-image\" data-image=\"https:\/\/delayso.com\/wp-content\/uploads\/2022\/09\/optimized-image-13.png\" style=\"width:428px;height:1px\"data-ratio=\"1.3317757009346\" data-lazy=\"true\" \/>\n                                            <\/div>\n                            <\/div>\n        <\/div>\n    <\/div>\n<\/div>\n    <\/div>\n<\/div>[\/vc_column][\/vc_row][vc_row css_animation=\u00bb\u00bb row_type=\u00bbrow\u00bb use_row_as_full_screen_section=\u00bbno\u00bb type=\u00bbfull_width\u00bb angled_section=\u00bbno\u00bb text_align=\u00bbleft\u00bb background_image_as_pattern=\u00bbwithout_pattern\u00bb z_index=\u00bb2&#8243; padding_top=\u00bb40&#8243;][vc_column][vc_row_inner row_type=\u00bbrow\u00bb type=\u00bbgrid\u00bb text_align=\u00bbcenter\u00bb css_animation=\u00bb\u00bb padding_top=\u00bb80&#8243;][vc_column_inner][vc_column_text css=\u00bb\u00bb]<\/p>\n<h2>Nuestras marcas de confianza<\/h2>\n<p>[\/vc_column_text][vc_empty_space height=\u00bb15px\u00bb][vc_separator type=\u00bbsmall\u00bb position=\u00bbcenter\u00bb color=\u00bb#ea3266&#8243; thickness=\u00bb5&#8243; width=\u00bb48&#8243;][vc_empty_space height=\u00bb35px\u00bb][\/vc_column_inner][\/vc_row_inner][\/vc_column][\/vc_row][vc_row css_animation=\u00bb\u00bb row_type=\u00bbrow\u00bb use_row_as_full_screen_section=\u00bbno\u00bb type=\u00bbfull_width\u00bb angled_section=\u00bbno\u00bb text_align=\u00bbleft\u00bb background_image_as_pattern=\u00bbwithout_pattern\u00bb z_index=\u00bb\u00bb padding_bottom=\u00bb130&#8243;][vc_column][qode_clients columns=\u00bbsix_columns\u00bb hover_effect=\u00bbdefault\u00bb disable_separators=\u00bbyes\u00bb][qode_client image=\u00bb663&#8243;][qode_client image=\u00bb661&#8243;][qode_client image=\u00bb354&#8243;][qode_client image=\u00bb346&#8243;][qode_client image=\u00bb358&#8243;][qode_client image=\u00bb359&#8243;][\/qode_clients][\/vc_column][\/vc_row][vc_row css_animation=\u00bb\u00bb row_type=\u00bbrow\u00bb use_row_as_full_screen_section=\u00bbno\u00bb type=\u00bbfull_width\u00bb angled_section=\u00bbno\u00bb text_align=\u00bbleft\u00bb background_image_as_pattern=\u00bbwithout_pattern\u00bb][vc_column]<div class='google_map_shortcode_holder' style='height:550px;'><div class='qode_google_map' style='height:550px;' id='map_canvas_45388' data-addresses='[\"Poligon Illa Sud 17, 08650 Sallent\"]' data-custom-map-style='false' data-color-overlay='#393939' data-saturation='-100' data-lightness='-60' data-zoom='12' data-pin='https:\/\/delayso.com\/wp-content\/uploads\/2018\/07\/pin.png' data-unique-id='45388' data-google-maps-scroll-wheel='false' data-snazzy-map-style='yes' data-map-height='550'><\/div><input type=\"hidden\" class=\"qode-snazzy-map\" value=\"`{`\n{\n``featureType``: ``administrative``,\n``elementType``: ``labels``,\n``stylers``: `{`\n{\n``visibility``: ``simplified``\n},\n{\n``color``: ``#e84c3c``\n}\n`}`\n},\n{\n``featureType``: ``landscape``,\n``elementType``: ``all``,\n``stylers``: `{`\n{\n``color``: ``#323444``\n}\n`}`\n},\n{\n``featureType``: ``poi``,\n``elementType``: ``all``,\n``stylers``: `{`\n{\n``color``: ``#ffffff``\n},\n{\n``visibility``: ``off``\n}\n`}`\n},\n{\n``featureType``: ``poi``,\n``elementType``: ``labels.text.stroke``,\n``stylers``: `{`\n{\n``color``: ``#1e303d``\n},\n{\n``visibility``: ``off``\n}\n`}`\n},\n{\n``featureType``: ``poi``,\n``elementType``: ``labels.icon``,\n``stylers``: `{`\n{\n``color``: ``#f0c514``\n},\n{\n``visibility``: ``off``\n}\n`}`\n},\n{\n``featureType``: ``poi.park``,\n``elementType``: ``all``,\n``stylers``: `{`\n{\n``color``: ``#323444``\n}\n`}`\n},\n{\n``featureType``: ``road``,\n``elementType``: ``all``,\n``stylers``: `{`\n{\n``color``: ``#1e303d``\n}\n`}`\n},\n{\n``featureType``: ``road``,\n``elementType``: ``labels.text.fill``,\n``stylers``: `{`\n{\n``color``: ``#94a5a6``\n}\n`}`\n},\n{\n``featureType``: ``transit``,\n``elementType``: ``all``,\n``stylers``: `{`\n{\n``color``: ``#182731``\n},\n{\n``visibility``: ``simplified``\n}\n`}`\n},\n{\n``featureType``: ``transit``,\n``elementType``: ``labels.text.fill``,\n``stylers``: `{`\n{\n``color``: ``#e77e24``\n},\n{\n``visibility``: ``off``\n}\n`}`\n},\n{\n``featureType``: ``water``,\n``elementType``: ``all``,\n``stylers``: `{`\n{\n``color``: ``#0e171d``\n}\n`}`\n}\n`}`\" \/><div class='google_map_shortcode_overlay'><\/div><\/div>[\/vc_column][\/vc_row]<\/p>\n<\/div>","protected":false},"excerpt":{"rendered":"<p>[vc_row css_animation=\u00bb\u00bb row_type=\u00bbrow\u00bb use_row_as_full_screen_section=\u00bbno\u00bb type=\u00bbfull_width\u00bb angled_section=\u00bbno\u00bb text_align=\u00bbleft\u00bb background_image_as_pattern=\u00bbwithout_pattern\u00bb][vc_column][rev_slider_vc alias=\u00bbhome\u00bb][\/vc_column][\/vc_row][vc_row css_animation=\u00bb\u00bb row_type=\u00bbrow\u00bb use_row_as_full_screen_section=\u00bbno\u00bb type=\u00bbfull_width\u00bb angled_section=\u00bbno\u00bb text_align=\u00bbleft\u00bb background_image_as_pattern=\u00bbwithout_pattern\u00bb css=\u00bb.vc_custom_1556746228827{background-image: url(http:\/\/bridge251.qodeinteractive.com\/wp-content\/uploads\/2018\/07\/background-2.jpg?id=46) !important;}\u00bb z_index=\u00bb\u00bb padding_top=\u00bb60&#8243;][vc_column][vc_row_inner row_type=\u00bbrow\u00bb type=\u00bbfull_width\u00bb text_align=\u00bbleft\u00bb css_animation=\u00bb\u00bb][vc_column_inner width=\u00bb5\/6&#8243; offset=\u00bbvc_col-lg-6 vc_col-md-6 vc_col-sm-offset-0&#8243;][vc_single_image image=\u00bb646&#8243; img_size=\u00bbfull\u00bb qode_css_animation=\u00bb\u00bb][\/vc_column_inner][vc_column_inner offset=\u00bbvc_col-lg-6 vc_col-md-6&#8243;][qode_elements_holder number_of_columns=\u00bbone_column\u00bb][qode_elements_holder_item advanced_animations=\u00bbno\u00bb item_padding=\u00bb15% 36% 0 132px\u00bb item_padding_1280_1440=\u00bb9% 11% 0 122px\u00bb item_padding_1024_1280=\u00bb9%&#8230;<\/p>\n","protected":false},"author":1,"featured_media":0,"parent":0,"menu_order":0,"comment_status":"closed","ping_status":"closed","template":"full_width.php","meta":{"footnotes":""},"class_list":["post-1001","page","type-page","status-publish","hentry"],"yoast_head":"<!-- This site is optimized with the Yoast SEO plugin v25.8 - https:\/\/yoast.com\/wordpress\/plugins\/seo\/ -->\n<title>Empresa de sonido e iluminaci\u00f3n para eventos | Delay<\/title>\n<meta name=\"description\" content=\"En Delay Sonido &amp; Luz ofrecemos alquileres de equipos profesionales, te asesoramos en crear tu evento y organizamos tu espect\u00e1culo.\" \/>\n<meta name=\"robots\" content=\"index, follow, max-snippet:-1, max-image-preview:large, max-video-preview:-1\" \/>\n<link rel=\"canonical\" href=\"https:\/\/delayso.com\/es\/\" \/>\n<meta property=\"og:locale\" content=\"es_ES\" \/>\n<meta property=\"og:type\" content=\"article\" \/>\n<meta property=\"og:title\" content=\"Empresa de sonido e iluminaci\u00f3n para eventos | Delay\" \/>\n<meta property=\"og:description\" content=\"En Delay Sonido &amp; Luz ofrecemos alquileres de equipos profesionales, te asesoramos en crear tu evento y organizamos tu espect\u00e1culo.\" \/>\n<meta property=\"og:url\" content=\"https:\/\/delayso.com\/es\/\" \/>\n<meta property=\"og:site_name\" content=\"Delay\" \/>\n<meta property=\"article:publisher\" content=\"https:\/\/www.facebook.com\/delaysoillum\" \/>\n<meta property=\"article:modified_time\" content=\"2025-04-16T09:54:45+00:00\" \/>\n<meta name=\"twitter:card\" content=\"summary_large_image\" \/>\n<meta name=\"twitter:label1\" content=\"Tiempo de lectura\" \/>\n\t<meta name=\"twitter:data1\" content=\"7 minutos\" \/>\n<script type=\"application\/ld+json\" class=\"yoast-schema-graph\">{\"@context\":\"https:\/\/schema.org\",\"@graph\":[{\"@type\":\"WebPage\",\"@id\":\"https:\/\/delayso.com\/es\/\",\"url\":\"https:\/\/delayso.com\/es\/\",\"name\":\"Empresa de sonido e iluminaci\u00f3n para eventos | Delay\",\"isPartOf\":{\"@id\":\"https:\/\/delayso.com\/es\/#website\"},\"datePublished\":\"2018-07-02T06:03:07+00:00\",\"dateModified\":\"2025-04-16T09:54:45+00:00\",\"description\":\"En Delay Sonido & Luz ofrecemos alquileres de equipos profesionales, te asesoramos en crear tu evento y organizamos tu espect\u00e1culo.\",\"breadcrumb\":{\"@id\":\"https:\/\/delayso.com\/es\/#breadcrumb\"},\"inLanguage\":\"es\",\"potentialAction\":[{\"@type\":\"ReadAction\",\"target\":[\"https:\/\/delayso.com\/es\/\"]}]},{\"@type\":\"BreadcrumbList\",\"@id\":\"https:\/\/delayso.com\/es\/#breadcrumb\",\"itemListElement\":[{\"@type\":\"ListItem\",\"position\":1,\"name\":\"Portada\",\"item\":\"https:\/\/delayso.com\/es\/\"},{\"@type\":\"ListItem\",\"position\":2,\"name\":\"Home\"}]},{\"@type\":\"WebSite\",\"@id\":\"https:\/\/delayso.com\/es\/#website\",\"url\":\"https:\/\/delayso.com\/es\/\",\"name\":\"Delay So & Llum\",\"description\":\"So &amp; Llum Professional\",\"publisher\":{\"@id\":\"https:\/\/delayso.com\/es\/#organization\"},\"alternateName\":\"Delay\",\"potentialAction\":[{\"@type\":\"SearchAction\",\"target\":{\"@type\":\"EntryPoint\",\"urlTemplate\":\"https:\/\/delayso.com\/es\/?s={search_term_string}\"},\"query-input\":{\"@type\":\"PropertyValueSpecification\",\"valueRequired\":true,\"valueName\":\"search_term_string\"}}],\"inLanguage\":\"es\"},{\"@type\":\"Organization\",\"@id\":\"https:\/\/delayso.com\/es\/#organization\",\"name\":\"Delay So & Llum\",\"alternateName\":\"Delay\",\"url\":\"https:\/\/delayso.com\/es\/\",\"logo\":{\"@type\":\"ImageObject\",\"inLanguage\":\"es\",\"@id\":\"https:\/\/delayso.com\/es\/#\/schema\/logo\/image\/\",\"url\":\"http:\/\/delayso.com\/wp-content\/uploads\/2024\/04\/cropped-favicon_2024_DELAY.jpg\",\"contentUrl\":\"http:\/\/delayso.com\/wp-content\/uploads\/2024\/04\/cropped-favicon_2024_DELAY.jpg\",\"width\":512,\"height\":512,\"caption\":\"Delay So & Llum\"},\"image\":{\"@id\":\"https:\/\/delayso.com\/es\/#\/schema\/logo\/image\/\"},\"sameAs\":[\"https:\/\/www.facebook.com\/delaysoillum\",\"https:\/\/www.instagram.com\/delay_so\/\",\"https:\/\/vimeo.com\/user83668552\"]}]}<\/script>\n<!-- \/ Yoast SEO plugin. -->","yoast_head_json":{"title":"Empresa de sonido e iluminaci\u00f3n para eventos | Delay","description":"En Delay Sonido & Luz ofrecemos alquileres de equipos profesionales, te asesoramos en crear tu evento y organizamos tu espect\u00e1culo.","robots":{"index":"index","follow":"follow","max-snippet":"max-snippet:-1","max-image-preview":"max-image-preview:large","max-video-preview":"max-video-preview:-1"},"canonical":"https:\/\/delayso.com\/es\/","og_locale":"es_ES","og_type":"article","og_title":"Empresa de sonido e iluminaci\u00f3n para eventos | Delay","og_description":"En Delay Sonido & Luz ofrecemos alquileres de equipos profesionales, te asesoramos en crear tu evento y organizamos tu espect\u00e1culo.","og_url":"https:\/\/delayso.com\/es\/","og_site_name":"Delay","article_publisher":"https:\/\/www.facebook.com\/delaysoillum","article_modified_time":"2025-04-16T09:54:45+00:00","twitter_card":"summary_large_image","twitter_misc":{"Tiempo de lectura":"7 minutos"},"schema":{"@context":"https:\/\/schema.org","@graph":[{"@type":"WebPage","@id":"https:\/\/delayso.com\/es\/","url":"https:\/\/delayso.com\/es\/","name":"Empresa de sonido e iluminaci\u00f3n para eventos | Delay","isPartOf":{"@id":"https:\/\/delayso.com\/es\/#website"},"datePublished":"2018-07-02T06:03:07+00:00","dateModified":"2025-04-16T09:54:45+00:00","description":"En Delay Sonido & Luz ofrecemos alquileres de equipos profesionales, te asesoramos en crear tu evento y organizamos tu espect\u00e1culo.","breadcrumb":{"@id":"https:\/\/delayso.com\/es\/#breadcrumb"},"inLanguage":"es","potentialAction":[{"@type":"ReadAction","target":["https:\/\/delayso.com\/es\/"]}]},{"@type":"BreadcrumbList","@id":"https:\/\/delayso.com\/es\/#breadcrumb","itemListElement":[{"@type":"ListItem","position":1,"name":"Portada","item":"https:\/\/delayso.com\/es\/"},{"@type":"ListItem","position":2,"name":"Home"}]},{"@type":"WebSite","@id":"https:\/\/delayso.com\/es\/#website","url":"https:\/\/delayso.com\/es\/","name":"Delay So & Llum","description":"So &amp; Llum Professional","publisher":{"@id":"https:\/\/delayso.com\/es\/#organization"},"alternateName":"Delay","potentialAction":[{"@type":"SearchAction","target":{"@type":"EntryPoint","urlTemplate":"https:\/\/delayso.com\/es\/?s={search_term_string}"},"query-input":{"@type":"PropertyValueSpecification","valueRequired":true,"valueName":"search_term_string"}}],"inLanguage":"es"},{"@type":"Organization","@id":"https:\/\/delayso.com\/es\/#organization","name":"Delay So & Llum","alternateName":"Delay","url":"https:\/\/delayso.com\/es\/","logo":{"@type":"ImageObject","inLanguage":"es","@id":"https:\/\/delayso.com\/es\/#\/schema\/logo\/image\/","url":"http:\/\/delayso.com\/wp-content\/uploads\/2024\/04\/cropped-favicon_2024_DELAY.jpg","contentUrl":"http:\/\/delayso.com\/wp-content\/uploads\/2024\/04\/cropped-favicon_2024_DELAY.jpg","width":512,"height":512,"caption":"Delay So & Llum"},"image":{"@id":"https:\/\/delayso.com\/es\/#\/schema\/logo\/image\/"},"sameAs":["https:\/\/www.facebook.com\/delaysoillum","https:\/\/www.instagram.com\/delay_so\/","https:\/\/vimeo.com\/user83668552"]}]}},"_links":{"self":[{"href":"https:\/\/delayso.com\/es\/wp-json\/wp\/v2\/pages\/1001","targetHints":{"allow":["GET"]}}],"collection":[{"href":"https:\/\/delayso.com\/es\/wp-json\/wp\/v2\/pages"}],"about":[{"href":"https:\/\/delayso.com\/es\/wp-json\/wp\/v2\/types\/page"}],"author":[{"embeddable":true,"href":"https:\/\/delayso.com\/es\/wp-json\/wp\/v2\/users\/1"}],"replies":[{"embeddable":true,"href":"https:\/\/delayso.com\/es\/wp-json\/wp\/v2\/comments?post=1001"}],"version-history":[{"count":1,"href":"https:\/\/delayso.com\/es\/wp-json\/wp\/v2\/pages\/1001\/revisions"}],"predecessor-version":[{"id":1239,"href":"https:\/\/delayso.com\/es\/wp-json\/wp\/v2\/pages\/1001\/revisions\/1239"}],"wp:attachment":[{"href":"https:\/\/delayso.com\/es\/wp-json\/wp\/v2\/media?parent=1001"}],"curies":[{"name":"wp","href":"https:\/\/api.w.org\/{rel}","templated":true}]}}